{"id":28969,"date":"2021-05-05T23:11:37","date_gmt":"2021-05-05T21:11:37","guid":{"rendered":"http:\/\/velodyne-acoustics-wpml.local\/wp\/?page_id=28969"},"modified":"2025-03-05T16:01:26","modified_gmt":"2025-03-05T15:01:26","slug":"impressum","status":"publish","type":"page","link":"https:\/\/velodyneacoustics.com\/de\/impressum\/","title":{"rendered":"Impressum"},"content":{"rendered":"<div class=\"wpb-content-wrapper\"><p>[vc_row type=&#8220;full_width_section&#8220; class=&#8220;hidden&#8220;][vc_column width=&#8220;1\/1&#8243;]\n\t\t\t\t<p class=\"rs-p-wp-fix\"><\/p>\n\t\t\t\t<sr7-module data-alias=\"misc\" data-id=\"55\" id=\"SR7_55_1\" class=\"rs-ov-hidden\" data-version=\"6.7.53\">\n\t\t\t\t\t<sr7-adjuster><\/sr7-adjuster>\n\t\t\t\t\t<sr7-content>\n\t\t\t\t\t\t<sr7-slide id=\"SR7_55_1-24\" data-key=\"24\">\n\t\t\t\t\t\t\t<sr7-bg id=\"SR7_55_1-24-1\" class=\"sr7-layer\"><noscript><img decoding=\"async\" src=\"https:\/\/velodyneacoustics.com\/wp-content\/uploads\/2021\/04\/slider-background-erleben-resized.jpg\" alt=\"\" title=\"slider-background-erleben-resized\"><\/noscript><\/sr7-bg>\n\t\t\t\t\t\t<\/sr7-slide>\n\t\t\t\t\t\t<sr7-slide id=\"SR7_55_1-120\" data-key=\"120\">\n\t\t\t\t\t\t<\/sr7-slide>\n\t\t\t\t\t<\/sr7-content>\n\t\t\t\t\t<image_lists style=\"display:none\">\n\t\t\t\t\t\t<img data-src=\"\/\/velodyneacoustics.com\/wp-content\/uploads\/2021\/04\/slider-background-erleben-resized.jpg\" data-libid=\"28855\" data-lib=\"medialibrary\" title=\"slider-background-erleben-resized\" width=\"0\" height=\"0\" data-dbsrc=\"Ly92ZWxvZHluZWFjb3VzdGljcy5jb20vd3AtY29udGVudC91cGxvYWRzLzIwMjEvMDQvc2xpZGVyLWJhY2tncm91bmQtZXJsZWJlbi1yZXNpemVkLmpwZw==\"\/>\n\t\t\t\t\t<\/image_lists>\n\t\t\t\t<\/sr7-module>\n\t\t\t\t<script>\n\t\t\t\t\twindow.SR7 ??={};SR7.PMH ??={}; SR7.PMH[\"SR7_55_1\"] = {cn:100,state:false,fn: function() { if (window._tpt!==undefined && window._tpt.prepareModuleHeight !== undefined) {  _tpt.prepareModuleHeight({id:\"SR7_55_1\",el:[750,750,700,600,650],type:'standard',shdw:'0',gh:[750,750,600,500,400],gw:[1240,1240,1024,778,480],vpt:['-200px&#039;,&#039;-200px&#039;,&#039;-200px&#039;,&#039;-200px&#039;,&#039;-200px'],size:{fullWidth:true, fullHeight:false},mh:'0',onh:0,onw:0,bg:{color:'{\"orig\":\"transparent\",\"type\":\"solid\",\"string\":\"transparent\"}'},googleFont:\"ignore\"});   SR7.PMH[\"SR7_55_1\"].state=true;} else if(SR7.PMH[\"SR7_55_1\"].cn-->0)\tsetTimeout( SR7.PMH[\"SR7_55_1\"].fn,19);}};SR7.PMH[\"SR7_55_1\" ].fn();\n\t\t\t\t<\/script>\n[\/vc_column][\/vc_row][vc_row bg_color=&#8220;#222222&#8243; text_color=&#8220;light&#8220; top_padding=&#8220;10&#8243; bottom_padding=&#8220;10&#8243; class=&#8220;hidden&#8220;][vc_column width=&#8220;1\/1&#8243;][vc_column_text]<a href=\"\/de\/produkte\/\" class=\"sliderbar\"><img loading=\"lazy\" decoding=\"async\" src=\"https:\/\/velodyneacoustics.com\/wp-content\/uploads\/2021\/03\/icon-subwoofer-white.png\" width=\"25\" height=\"25\"> Alle Subwoofer<\/a><a class=\"sliderbar\" href=\"\/de\/erleben\/\"><img loading=\"lazy\" decoding=\"async\" src=\"https:\/\/velodyneacoustics.com\/wp-content\/uploads\/2021\/03\/icon-dealerships-white.png\" width=\"30\" height=\"30\"> H\u00e4ndler finden<\/a>[\/vc_column_text][\/vc_column][\/vc_row][vc_row top_padding=&#8220;200&#8243; bottom_padding=&#8220;100&#8243;][vc_column width=&#8220;1\/3&#8243;][vc_column_text]<\/p>\n<h1>Impressum<\/h1>\n<p>Angaben gem\u00e4\u00df Telekommunikation-Digitale-Dienste-Datenschutz-Gesetz (TDDDG):<\/p>\n<p><strong>Velodyne Acoustics GmbH<\/strong><br \/>\nAlsterkrugchaussee 435<br \/>\n22335 Hamburg<br \/>\nDeutschland<\/p>\n<p><strong>Gesch\u00e4ftsf\u00fchrung:<\/strong> Mansour Mamaghani<\/p>\n<p>Tel.: <a href=\"tel:4940238307880\">+49 (0)40 238 307 880<\/a><br \/>\nFax: +49 (0)40 238 307 899<br \/>\nE-Mail:<a href=\"mailto:info@velodyne-acoustics-wpml.local\"> info@velodyne-acoustics-wpml.local<\/a><\/p>\n<p><strong>Gerichtsstand:<\/strong> Kiel<br \/>\nEORI-Nr.: DE996040461587335<br \/>\nHandelsregister Nr.: HRB 22613 KI<br \/>\nSteuernr.: DE341639519<\/p>\n<p><strong>Bildnachweise<\/strong><br \/>\nVelodyne Acoustics GmbH<br \/>\nShutterstock | <a href=\"http:\/\/www.shuttrerstock.com\">www.shutterstock.com<\/a><br \/>\nFreepik | <a href=\"http:\/\/www.freepik.com\">www.freepik.com<\/a><br \/>\nVideezy | <a href=\"http:\/\/videezy.com\">Free Stock videos by Videezy.com<\/a>[\/vc_column_text][\/vc_column][vc_column width=&#8220;2\/3&#8243;][vc_column_text]<\/p>\n<h4>Urheberrechtshinweise, Hinweise zu externen Links, Haftungsausschluss<\/h4>\n<p>Die Inhalte und Programme dieser Website sind durch uns urheberrechtlich gesch\u00fctzt. Alle Rechte daran behalten wir uns vor. Teile dieser Website k\u00f6nnen Bilder, Texte oder Sounds beinhalten, die dem Urheberrecht Dritter unterliegen. Die Urheberrechtshinweise in diesen F\u00e4llen sind an entsprechenden Stellen vermerkt. Informationen auf dieser Website, einschlie\u00dflich Texten, Bildern und Sound, d\u00fcrfen nicht, sofern nicht ausdr\u00fccklich anders bestimmt, vervielf\u00e4ltigt, transferiert, vertrieben oder gespeichert werden ohne schriftliche Genehmigung des Herausgebers. Modifikationen des Inhalts dieser Website sind ausdr\u00fccklich untersagt.<br \/>\nTrotz sorgf\u00e4ltiger inhaltlicher Kontrolle \u00fcbernimmt die Velodyne Acoustics GmbH keine Haftung f\u00fcr die Inhalte externer Webseiten, auf die durch einen Link verwiesen wird. F\u00fcr den Inhalt dieser externen Seiten sind ausschlie\u00dflich deren Betreiber verantwortlich.<br \/>\nDie Informationen auf dieser Website verstehen sich als \u201eAussagen an sich\u201c ohne implizite Garantien jedweder Art. Die bereitgestellten Informationen auf dieser Website wurden sorgf\u00e4ltig gepr\u00fcft und werden regelm\u00e4\u00dfig aktualisiert. Jedoch kann keine Garantie daf\u00fcr \u00fcbernommen werden, dass alle Angaben zu jeder Zeit vollst\u00e4ndig, richtig und in letzter Aktualit\u00e4t dargestellt sind. Alle Angaben k\u00f6nnen ohne vorherige Ank\u00fcndigung erg\u00e4nzt, entfernt oder ge\u00e4ndert werden.<\/p>\n<h4>Verbraucherstreitbeteiligungsgesetz<\/h4>\n<p>Die f\u00fcr die Velodyne Acoustics GmbH zust\u00e4ndige Verbraucherschlichtungsstelle ist die<br \/>\nAllgemeine Verbraucherschlichtungsstelle des Zentrums f\u00fcr Schlichtung e. V.<br \/>\nStra\u00dfburger Stra\u00dfe 8<br \/>\n77694 Kehl am Rhein<br \/>\nTelefon: 07851\/7957940<br \/>\nFax: 07851\/7957941<br \/>\nE-Mail: <a href=\"mailto:mail@verbraucher-schlichter.de\">mail@verbraucher-schlichter.de<\/a><br \/>\nWeb: <a href=\"http:\/\/www.verbraucher-schlichter.de\">www.verbraucher-schlichter.de<\/a>.<\/p>\n<p>Die Velodyne Acoustics GmbH erkl\u00e4rt sich bei rechtlichen Konflikten mit Verbrauchern (\u00a713 BGB) nciht bereit, an Verbraucherschlichtungsverfahren nach dem Verbraucherstreitbeteiligungsgesetz teilzunehmen.[\/vc_column_text][\/vc_column][\/vc_row][vc_row bg_color=&#8220;#222222&#8243; text_color=&#8220;light&#8220; top_padding=&#8220;50&#8243; bottom_padding=&#8220;50&#8243; class=&#8220;row-cta&#8220;][vc_column width=&#8220;1\/1&#8243;][vc_column_text]<h2>Bleiben Sie mit uns in Kontakt!<\/h2>\r\n<a class=\"button cta popmake-29008\" title=\"Newsletter abonnieren\">Unser Newsletter<\/a>[\/vc_column_text][\/vc_column][\/vc_row]<\/p>\n<\/div>","protected":false},"excerpt":{"rendered":"<p>[vc_row type=&#8220;full_width_section&#8220; class=&#8220;hidden&#8220;][vc_column width=&#8220;1\/1&#8243;][\/vc_column][\/vc_row][vc_row bg_color=&#8220;#222222&#8243; text_color=&#8220;light&#8220; top_padding=&#8220;10&#8243; bottom_padding=&#8220;10&#8243; class=&#8220;hidden&#8220;][vc_column width=&#8220;1\/1&#8243;][vc_column_text][\/vc_column_text][\/vc_column][\/vc_row][vc_row top_padding=&#8220;200&#8243; bottom_padding=&#8220;100&#8243;][vc_column width=&#8220;1\/3&#8243;][vc_column_text] Impressum Angaben gem\u00e4\u00df Telekommunikation-Digitale-Dienste-Datenschutz-Gesetz (TDDDG): Velodyne Acoustics GmbH Alsterkrugchaussee 435 22335 Hamburg Deutschland Gesch\u00e4ftsf\u00fchrung: Mansour Mamaghani Tel.: +49 (0)40 238 307 880 Fax: +49 (0)40 238 307 899 E-Mail: info@velodyne-acoustics-wpml.local Gerichtsstand: Kiel EORI-Nr.: DE996040461587335 Handelsregister Nr.: HRB 22613 KI Steuernr.: DE341639519 Bildnachweise Velodyne Acoustics GmbH Shutterstock | www.shutterstock.com Freepik | www.freepik.com Videezy | Free Stock videos by Videezy.com[\/vc_column_text][\/vc_column][vc_column width=&#8220;2\/3&#8243;][vc_column_text] Urheberrechtshinweise, Hinweise zu externen Links, Haftungsausschluss Die Inhalte und Programme dieser Website sind durch uns urheberrechtlich gesch\u00fctzt. Alle Rechte daran behalten wir uns vor. Teile dieser Website k\u00f6nnen Bilder, Texte oder Sounds beinhalten, die dem Urheberrecht Dritter unterliegen. Die Urheberrechtshinweise in diesen F\u00e4llen sind an entsprechenden Stellen vermerkt. Informationen auf dieser Website, einschlie\u00dflich Texten, Bildern und Sound, d\u00fcrfen nicht, sofern nicht ausdr\u00fccklich anders bestimmt, vervielf\u00e4ltigt, transferiert, vertrieben oder gespeichert werden ohne schriftliche Genehmigung des Herausgebers. Modifikationen des Inhalts dieser Website sind ausdr\u00fccklich untersagt. Trotz sorgf\u00e4ltiger inhaltlicher Kontrolle \u00fcbernimmt die Velodyne Acoustics GmbH keine Haftung f\u00fcr die Inhalte externer Webseiten, auf die durch einen Link verwiesen wird. F\u00fcr den Inhalt dieser externen Seiten sind ausschlie\u00dflich deren Betreiber verantwortlich. Die Informationen auf dieser Website verstehen sich als \u201eAussagen an sich\u201c [&hellip;]<\/p>\n","protected":false},"author":1,"featured_media":0,"parent":0,"menu_order":7,"comment_status":"closed","ping_status":"closed","template":"","meta":{"_acf_changed":false,"footnotes":""},"class_list":["post-28969","page","type-page","status-publish","hentry"],"acf":[],"yoast_head":"<!-- This site is optimized with the Yoast SEO plugin v27.4 - https:\/\/yoast.com\/product\/yoast-seo-wordpress\/ -->\n<title>Impressum - Velodyne Acoustics<\/title>\n<meta name=\"robots\" content=\"index, follow, max-snippet:-1, max-image-preview:large, max-video-preview:-1\" \/>\n<link rel=\"canonical\" href=\"https:\/\/velodyneacoustics.com\/de\/impressum\/\" \/>\n<meta property=\"og:locale\" content=\"de_DE\" \/>\n<meta property=\"og:type\" content=\"article\" \/>\n<meta property=\"og:title\" content=\"Impressum - Velodyne Acoustics\" \/>\n<meta property=\"og:description\" content=\"[vc_row type=&#8220;full_width_section&#8220; class=&#8220;hidden&#8220;][vc_column width=&#8220;1\/1&#8243;][\/vc_column][\/vc_row][vc_row bg_color=&#8220;#222222&#8243; text_color=&#8220;light&#8220; top_padding=&#8220;10&#8243; bottom_padding=&#8220;10&#8243; class=&#8220;hidden&#8220;][vc_column width=&#8220;1\/1&#8243;][vc_column_text][\/vc_column_text][\/vc_column][\/vc_row][vc_row top_padding=&#8220;200&#8243; bottom_padding=&#8220;100&#8243;][vc_column width=&#8220;1\/3&#8243;][vc_column_text] Impressum Angaben gem\u00e4\u00df Telekommunikation-Digitale-Dienste-Datenschutz-Gesetz (TDDDG): Velodyne Acoustics GmbH Alsterkrugchaussee 435 22335 Hamburg Deutschland Gesch\u00e4ftsf\u00fchrung: Mansour Mamaghani Tel.: +49 (0)40 238 307 880 Fax: +49 (0)40 238 307 899 E-Mail: info@velodyne-acoustics-wpml.local Gerichtsstand: Kiel EORI-Nr.: DE996040461587335 Handelsregister Nr.: HRB 22613 KI Steuernr.: DE341639519 Bildnachweise Velodyne Acoustics GmbH Shutterstock | www.shutterstock.com Freepik | www.freepik.com Videezy | Free Stock videos by Videezy.com[\/vc_column_text][\/vc_column][vc_column width=&#8220;2\/3&#8243;][vc_column_text] Urheberrechtshinweise, Hinweise zu externen Links, Haftungsausschluss Die Inhalte und Programme dieser Website sind durch uns urheberrechtlich gesch\u00fctzt. Alle Rechte daran behalten wir uns vor. Teile dieser Website k\u00f6nnen Bilder, Texte oder Sounds beinhalten, die dem Urheberrecht Dritter unterliegen. Die Urheberrechtshinweise in diesen F\u00e4llen sind an entsprechenden Stellen vermerkt. Informationen auf dieser Website, einschlie\u00dflich Texten, Bildern und Sound, d\u00fcrfen nicht, sofern nicht ausdr\u00fccklich anders bestimmt, vervielf\u00e4ltigt, transferiert, vertrieben oder gespeichert werden ohne schriftliche Genehmigung des Herausgebers. Modifikationen des Inhalts dieser Website sind ausdr\u00fccklich untersagt. Trotz sorgf\u00e4ltiger inhaltlicher Kontrolle \u00fcbernimmt die Velodyne Acoustics GmbH keine Haftung f\u00fcr die Inhalte externer Webseiten, auf die durch einen Link verwiesen wird. F\u00fcr den Inhalt dieser externen Seiten sind ausschlie\u00dflich deren Betreiber verantwortlich. Die Informationen auf dieser Website verstehen sich als \u201eAussagen an sich\u201c [&hellip;]\" \/>\n<meta property=\"og:url\" content=\"https:\/\/velodyneacoustics.com\/de\/impressum\/\" \/>\n<meta property=\"og:site_name\" content=\"Velodyne Acoustics\" \/>\n<meta property=\"article:publisher\" content=\"https:\/\/www.facebook.com\/VelodyneAcoustics\/\" \/>\n<meta property=\"article:modified_time\" content=\"2025-03-05T15:01:26+00:00\" \/>\n<meta name=\"twitter:card\" content=\"summary_large_image\" \/>\n<meta name=\"twitter:label1\" content=\"Gesch\u00e4tzte Lesezeit\" \/>\n\t<meta name=\"twitter:data1\" content=\"2\u00a0Minuten\" \/>\n<script type=\"application\/ld+json\" class=\"yoast-schema-graph\">{\"@context\":\"https:\\\/\\\/schema.org\",\"@graph\":[{\"@type\":\"WebPage\",\"@id\":\"https:\\\/\\\/velodyneacoustics.com\\\/de\\\/impressum\\\/\",\"url\":\"https:\\\/\\\/velodyneacoustics.com\\\/de\\\/impressum\\\/\",\"name\":\"Impressum - Velodyne Acoustics\",\"isPartOf\":{\"@id\":\"https:\\\/\\\/velodyneacoustics.com\\\/de\\\/#website\"},\"datePublished\":\"2021-05-05T21:11:37+00:00\",\"dateModified\":\"2025-03-05T15:01:26+00:00\",\"breadcrumb\":{\"@id\":\"https:\\\/\\\/velodyneacoustics.com\\\/de\\\/impressum\\\/#breadcrumb\"},\"inLanguage\":\"de\",\"potentialAction\":[{\"@type\":\"ReadAction\",\"target\":[\"https:\\\/\\\/velodyneacoustics.com\\\/de\\\/impressum\\\/\"]}]},{\"@type\":\"BreadcrumbList\",\"@id\":\"https:\\\/\\\/velodyneacoustics.com\\\/de\\\/impressum\\\/#breadcrumb\",\"itemListElement\":[{\"@type\":\"ListItem\",\"position\":1,\"name\":\"Startseite\",\"item\":\"https:\\\/\\\/velodyneacoustics.com\\\/de\\\/\"},{\"@type\":\"ListItem\",\"position\":2,\"name\":\"Impressum\"}]},{\"@type\":\"WebSite\",\"@id\":\"https:\\\/\\\/velodyneacoustics.com\\\/de\\\/#website\",\"url\":\"https:\\\/\\\/velodyneacoustics.com\\\/de\\\/\",\"name\":\"Velodyne Acoustics\",\"description\":\"Defining Bass over 30 years\",\"publisher\":{\"@id\":\"https:\\\/\\\/velodyneacoustics.com\\\/de\\\/#organization\"},\"potentialAction\":[{\"@type\":\"SearchAction\",\"target\":{\"@type\":\"EntryPoint\",\"urlTemplate\":\"https:\\\/\\\/velodyneacoustics.com\\\/de\\\/?s={search_term_string}\"},\"query-input\":{\"@type\":\"PropertyValueSpecification\",\"valueRequired\":true,\"valueName\":\"search_term_string\"}}],\"inLanguage\":\"de\"},{\"@type\":\"Organization\",\"@id\":\"https:\\\/\\\/velodyneacoustics.com\\\/de\\\/#organization\",\"name\":\"Velodyne Acoustics\",\"url\":\"https:\\\/\\\/velodyneacoustics.com\\\/de\\\/\",\"logo\":{\"@type\":\"ImageObject\",\"inLanguage\":\"de\",\"@id\":\"https:\\\/\\\/velodyneacoustics.com\\\/de\\\/#\\\/schema\\\/logo\\\/image\\\/\",\"url\":\"https:\\\/\\\/velodyneacoustics.com\\\/wp-content\\\/uploads\\\/2025\\\/11\\\/logo-velodyne-seo.png\",\"contentUrl\":\"https:\\\/\\\/velodyneacoustics.com\\\/wp-content\\\/uploads\\\/2025\\\/11\\\/logo-velodyne-seo.png\",\"width\":250,\"height\":77,\"caption\":\"Velodyne Acoustics\"},\"image\":{\"@id\":\"https:\\\/\\\/velodyneacoustics.com\\\/de\\\/#\\\/schema\\\/logo\\\/image\\\/\"},\"sameAs\":[\"https:\\\/\\\/www.facebook.com\\\/VelodyneAcoustics\\\/\",\"https:\\\/\\\/www.instagram.com\\\/VelodyneAcoustics\\\/\",\"https:\\\/\\\/www.linkedin.com\\\/company\\\/velodyne-acoustics-inc-\\\/\"]}]}<\/script>\n<!-- \/ Yoast SEO plugin. -->","yoast_head_json":{"title":"Impressum - Velodyne Acoustics","robots":{"index":"index","follow":"follow","max-snippet":"max-snippet:-1","max-image-preview":"max-image-preview:large","max-video-preview":"max-video-preview:-1"},"canonical":"https:\/\/velodyneacoustics.com\/de\/impressum\/","og_locale":"de_DE","og_type":"article","og_title":"Impressum - Velodyne Acoustics","og_description":"[vc_row type=&#8220;full_width_section&#8220; class=&#8220;hidden&#8220;][vc_column width=&#8220;1\/1&#8243;][\/vc_column][\/vc_row][vc_row bg_color=&#8220;#222222&#8243; text_color=&#8220;light&#8220; top_padding=&#8220;10&#8243; bottom_padding=&#8220;10&#8243; class=&#8220;hidden&#8220;][vc_column width=&#8220;1\/1&#8243;][vc_column_text][\/vc_column_text][\/vc_column][\/vc_row][vc_row top_padding=&#8220;200&#8243; bottom_padding=&#8220;100&#8243;][vc_column width=&#8220;1\/3&#8243;][vc_column_text] Impressum Angaben gem\u00e4\u00df Telekommunikation-Digitale-Dienste-Datenschutz-Gesetz (TDDDG): Velodyne Acoustics GmbH Alsterkrugchaussee 435 22335 Hamburg Deutschland Gesch\u00e4ftsf\u00fchrung: Mansour Mamaghani Tel.: +49 (0)40 238 307 880 Fax: +49 (0)40 238 307 899 E-Mail: info@velodyne-acoustics-wpml.local Gerichtsstand: Kiel EORI-Nr.: DE996040461587335 Handelsregister Nr.: HRB 22613 KI Steuernr.: DE341639519 Bildnachweise Velodyne Acoustics GmbH Shutterstock | www.shutterstock.com Freepik | www.freepik.com Videezy | Free Stock videos by Videezy.com[\/vc_column_text][\/vc_column][vc_column width=&#8220;2\/3&#8243;][vc_column_text] Urheberrechtshinweise, Hinweise zu externen Links, Haftungsausschluss Die Inhalte und Programme dieser Website sind durch uns urheberrechtlich gesch\u00fctzt. Alle Rechte daran behalten wir uns vor. Teile dieser Website k\u00f6nnen Bilder, Texte oder Sounds beinhalten, die dem Urheberrecht Dritter unterliegen. Die Urheberrechtshinweise in diesen F\u00e4llen sind an entsprechenden Stellen vermerkt. Informationen auf dieser Website, einschlie\u00dflich Texten, Bildern und Sound, d\u00fcrfen nicht, sofern nicht ausdr\u00fccklich anders bestimmt, vervielf\u00e4ltigt, transferiert, vertrieben oder gespeichert werden ohne schriftliche Genehmigung des Herausgebers. Modifikationen des Inhalts dieser Website sind ausdr\u00fccklich untersagt. Trotz sorgf\u00e4ltiger inhaltlicher Kontrolle \u00fcbernimmt die Velodyne Acoustics GmbH keine Haftung f\u00fcr die Inhalte externer Webseiten, auf die durch einen Link verwiesen wird. F\u00fcr den Inhalt dieser externen Seiten sind ausschlie\u00dflich deren Betreiber verantwortlich. Die Informationen auf dieser Website verstehen sich als \u201eAussagen an sich\u201c [&hellip;]","og_url":"https:\/\/velodyneacoustics.com\/de\/impressum\/","og_site_name":"Velodyne Acoustics","article_publisher":"https:\/\/www.facebook.com\/VelodyneAcoustics\/","article_modified_time":"2025-03-05T15:01:26+00:00","twitter_card":"summary_large_image","twitter_misc":{"Gesch\u00e4tzte Lesezeit":"2\u00a0Minuten"},"schema":{"@context":"https:\/\/schema.org","@graph":[{"@type":"WebPage","@id":"https:\/\/velodyneacoustics.com\/de\/impressum\/","url":"https:\/\/velodyneacoustics.com\/de\/impressum\/","name":"Impressum - Velodyne Acoustics","isPartOf":{"@id":"https:\/\/velodyneacoustics.com\/de\/#website"},"datePublished":"2021-05-05T21:11:37+00:00","dateModified":"2025-03-05T15:01:26+00:00","breadcrumb":{"@id":"https:\/\/velodyneacoustics.com\/de\/impressum\/#breadcrumb"},"inLanguage":"de","potentialAction":[{"@type":"ReadAction","target":["https:\/\/velodyneacoustics.com\/de\/impressum\/"]}]},{"@type":"BreadcrumbList","@id":"https:\/\/velodyneacoustics.com\/de\/impressum\/#breadcrumb","itemListElement":[{"@type":"ListItem","position":1,"name":"Startseite","item":"https:\/\/velodyneacoustics.com\/de\/"},{"@type":"ListItem","position":2,"name":"Impressum"}]},{"@type":"WebSite","@id":"https:\/\/velodyneacoustics.com\/de\/#website","url":"https:\/\/velodyneacoustics.com\/de\/","name":"Velodyne Acoustics","description":"Defining Bass over 30 years","publisher":{"@id":"https:\/\/velodyneacoustics.com\/de\/#organization"},"potentialAction":[{"@type":"SearchAction","target":{"@type":"EntryPoint","urlTemplate":"https:\/\/velodyneacoustics.com\/de\/?s={search_term_string}"},"query-input":{"@type":"PropertyValueSpecification","valueRequired":true,"valueName":"search_term_string"}}],"inLanguage":"de"},{"@type":"Organization","@id":"https:\/\/velodyneacoustics.com\/de\/#organization","name":"Velodyne Acoustics","url":"https:\/\/velodyneacoustics.com\/de\/","logo":{"@type":"ImageObject","inLanguage":"de","@id":"https:\/\/velodyneacoustics.com\/de\/#\/schema\/logo\/image\/","url":"https:\/\/velodyneacoustics.com\/wp-content\/uploads\/2025\/11\/logo-velodyne-seo.png","contentUrl":"https:\/\/velodyneacoustics.com\/wp-content\/uploads\/2025\/11\/logo-velodyne-seo.png","width":250,"height":77,"caption":"Velodyne Acoustics"},"image":{"@id":"https:\/\/velodyneacoustics.com\/de\/#\/schema\/logo\/image\/"},"sameAs":["https:\/\/www.facebook.com\/VelodyneAcoustics\/","https:\/\/www.instagram.com\/VelodyneAcoustics\/","https:\/\/www.linkedin.com\/company\/velodyne-acoustics-inc-\/"]}]}},"_links":{"self":[{"href":"https:\/\/velodyneacoustics.com\/de\/wp-json\/wp\/v2\/pages\/28969","targetHints":{"allow":["GET"]}}],"collection":[{"href":"https:\/\/velodyneacoustics.com\/de\/wp-json\/wp\/v2\/pages"}],"about":[{"href":"https:\/\/velodyneacoustics.com\/de\/wp-json\/wp\/v2\/types\/page"}],"author":[{"embeddable":true,"href":"https:\/\/velodyneacoustics.com\/de\/wp-json\/wp\/v2\/users\/1"}],"replies":[{"embeddable":true,"href":"https:\/\/velodyneacoustics.com\/de\/wp-json\/wp\/v2\/comments?post=28969"}],"version-history":[{"count":0,"href":"https:\/\/velodyneacoustics.com\/de\/wp-json\/wp\/v2\/pages\/28969\/revisions"}],"wp:attachment":[{"href":"https:\/\/velodyneacoustics.com\/de\/wp-json\/wp\/v2\/media?parent=28969"}],"curies":[{"name":"wp","href":"https:\/\/api.w.org\/{rel}","templated":true}]}}