{"id":709,"date":"2021-05-05T23:20:44","date_gmt":"2021-05-05T21:20:44","guid":{"rendered":"http:\/\/velodyne-acoustics-wpml.local\/wp\/?page_id=709"},"modified":"2025-03-05T16:02:48","modified_gmt":"2025-03-05T15:02:48","slug":"technologien","status":"publish","type":"page","link":"https:\/\/velodyneacoustics.com\/de\/technologien\/","title":{"rendered":"Technologien"},"content":{"rendered":"<div class=\"wpb-content-wrapper\"><p>[vc_row type=&#8220;full_width_section&#8220;][vc_column width=&#8220;1\/1&#8243;]\n\t\t\t\t<p class=\"rs-p-wp-fix\"><\/p>\n\t\t\t\t<sr7-module data-alias=\"technologien\" data-id=\"35\" id=\"SR7_35_1\" class=\"rs-ov-hidden\" data-version=\"6.7.51\">\n\t\t\t\t\t<sr7-adjuster><\/sr7-adjuster>\n\t\t\t\t\t<sr7-content>\n\t\t\t\t\t\t<sr7-slide id=\"SR7_35_1-49\" data-key=\"49\">\n\t\t\t\t\t\t\t<sr7-bg id=\"SR7_35_1-49-7\" class=\"sr7-layer\"><noscript><img decoding=\"async\" src=\"https:\/\/velodyneacoustics.com\/wp-content\/uploads\/2021\/03\/slider-background-technologien.jpg\" alt=\"\" title=\"slider-background-technologien\"><\/noscript><\/sr7-bg>\n\t\t\t\t\t\t\t<sr7-txt id=\"SR7_35_1-49-2\" class=\"sr7-layer\">Technologien<\/sr7-txt>\n\t\t\t\t\t\t\t<sr7-txt id=\"SR7_35_1-49-6\" class=\"sr7-layer\">Velodyne Acoustics<\/sr7-txt>\n\t\t\t\t\t\t<\/sr7-slide>\n\t\t\t\t\t\t<sr7-slide id=\"SR7_35_1-104\" data-key=\"104\">\n\t\t\t\t\t\t<\/sr7-slide>\n\t\t\t\t\t<\/sr7-content>\n\t\t\t\t\t<image_lists style=\"display:none\">\n\t\t\t\t\t\t<img data-src=\"\/\/velodyneacoustics.com\/wp-content\/uploads\/2021\/03\/slider-background-technologien.jpg\" data-libid=\"723\" data-lib=\"medialibrary\" title=\"slider-background-technologien\" width=\"0\" height=\"0\" data-dbsrc=\"Ly92ZWxvZHluZWFjb3VzdGljcy5jb20vd3AtY29udGVudC91cGxvYWRzLzIwMjEvMDMvc2xpZGVyLWJhY2tncm91bmQtdGVjaG5vbG9naWVuLmpwZw==\"\/>\n\t\t\t\t\t<\/image_lists>\n\t\t\t\t<\/sr7-module>\n\t\t\t\t<script>\n\t\t\t\t\twindow.SR7 ??={};SR7.PMH ??={}; SR7.PMH[\"SR7_35_1\"] = {cn:100,state:false,fn: function() { if (window._tpt!==undefined && window._tpt.prepareModuleHeight !== undefined) {  _tpt.prepareModuleHeight({id:\"SR7_35_1\",el:[750,750,700,600,650],type:'standard',shdw:'0',gh:[750,750,600,500,400],gw:[1240,1240,1024,778,480],vpt:['-200px&#039;,&#039;-200px&#039;,&#039;-200px&#039;,&#039;-200px&#039;,&#039;-200px'],size:{fullWidth:true, fullHeight:false},mh:'0',onh:0,onw:0,bg:{color:'{\"orig\":\"transparent\",\"type\":\"solid\",\"string\":\"transparent\"}'},googleFont:\"ignore\"});   SR7.PMH[\"SR7_35_1\"].state=true;} else if(SR7.PMH[\"SR7_35_1\"].cn-->0)\tsetTimeout( SR7.PMH[\"SR7_35_1\"].fn,19);}};SR7.PMH[\"SR7_35_1\" ].fn();\n\t\t\t\t<\/script>\n[\/vc_column][\/vc_row][vc_row bg_color=&#8220;#222222&#8243; text_color=&#8220;light&#8220; top_padding=&#8220;10&#8243; bottom_padding=&#8220;10&#8243;][vc_column width=&#8220;1\/1&#8243;][vc_column_text]<a href=\"\/de\/produkte\/\" class=\"sliderbar\"><img loading=\"lazy\" decoding=\"async\" src=\"https:\/\/velodyneacoustics.com\/wp-content\/uploads\/2021\/03\/icon-subwoofer-white.png\" width=\"25\" height=\"25\"> Alle Subwoofer<\/a><a class=\"sliderbar\" href=\"\/de\/erleben\/\"><img loading=\"lazy\" decoding=\"async\" src=\"https:\/\/velodyneacoustics.com\/wp-content\/uploads\/2021\/03\/icon-dealerships-white.png\" width=\"30\" height=\"30\"> H\u00e4ndler finden<\/a>[\/vc_column_text][\/vc_column][\/vc_row][vc_row top_padding=&#8220;100&#8243; bottom_padding=&#8220;100&#8243; row_id=&#8220;maximum-dynamic-power&#8220;][vc_column column_center=&#8220;true&#8220; width=&#8220;1\/2&#8243;]<div class=\"iconbox  wpb_content_element iconbox-style-1 icon-color-accent color-dark animation-none\"><h3><img src='https:\/\/velodyneacoustics.com\/wp-content\/uploads\/2021\/03\/icon-maximum-dynamic-power-mdp.png' class='iconimg' alt='Maximum Dynamic Power (MDP)' \/><span>Maximum Dynamic Power (MDP)<\/span><\/h3><p>Maximale Power f\u00fcr besten Tiefton: Verst\u00e4rker mit der Technik MDP haben mehr Leistungsreserven als vergleichbare Modelle mit einer IC-Konstruktion. So k\u00f6nnen auch die anspruchsvollsten Signale f\u00fcr Tiefton exakt und pr\u00e4zise umgesetzt werden. Die MDP Verst\u00e4rker von Velodyne Acoustics sind zudem mit einer einzigartigen Schutzschaltung ausgestattet, um langfriste Freude am Basssystem sicherzustellen.<\/p>\n<\/p><\/div>[\/vc_column][vc_column width=&#8220;1\/2&#8243;]<div class=\"single_image wpb_content_element align-left    \" data-animation=\"none\" data-delay=\"0\"><img loading=\"lazy\" decoding=\"async\" width=\"1200\" height=\"1019\" src=\"https:\/\/velodyneacoustics.com\/wp-content\/uploads\/2021\/03\/galery-velodyne-acoustics-dd-series-08.jpg\" class=\"attachment-full\" alt=\"\" title=\"galery-velodyne-acoustics-dd-series-08\" srcset=\"https:\/\/velodyneacoustics.com\/wp-content\/uploads\/2021\/03\/galery-velodyne-acoustics-dd-series-08.jpg 1200w, https:\/\/velodyneacoustics.com\/wp-content\/uploads\/2021\/03\/galery-velodyne-acoustics-dd-series-08-300x255.jpg 300w, https:\/\/velodyneacoustics.com\/wp-content\/uploads\/2021\/03\/galery-velodyne-acoustics-dd-series-08-1024x870.jpg 1024w, https:\/\/velodyneacoustics.com\/wp-content\/uploads\/2021\/03\/galery-velodyne-acoustics-dd-series-08-768x652.jpg 768w\" sizes=\"auto, (max-width: 1200px) 100vw, 1200px\" \/><\/div>[\/vc_column][\/vc_row][vc_row bg_image=&#8220;608&#8243; bg_color=&#8220;#222222&#8243; text_color=&#8220;light&#8220; text_align=&#8220;center&#8220; top_padding=&#8220;100&#8243; bottom_padding=&#8220;370&#8243; class=&#8220;background-ddcs&#8220; row_id=&#8220;digital-drive-control-system&#8220;][vc_column width=&#8220;1\/1&#8243;]<div class=\"iconbox  wpb_content_element iconbox-style-3 icon-color-accent color-dark\"><img src='https:\/\/velodyneacoustics.com\/wp-content\/uploads\/2021\/04\/icon-digital-drive-control-system-white.png' class='iconimg' alt='Digital Drive Control System' \/><h3>Digital Drive Control System<\/h3><p>Mit dem verzerrungsbegrenzenden Digital Drive Control-System von Velodyne Acoustics entwickeln Subwoofer eine straffere und pr\u00e4zisere Basswiedergabe. DDCS ist ein aktives, DSP-basiertes System, das eine lineare Membranbewegung sicherstellt und f\u00fcr verzerrungsfreie Wiedergabe sorgt.<\/p>\n<\/p><\/div>[\/vc_column][\/vc_row][vc_row top_padding=&#8220;100&#8243; bottom_padding=&#8220;100&#8243; row_id=&#8220;digital-high-gain-servo-control-eq-plus-equalizer-auto-ex-plus&#8220;][vc_column width=&#8220;1\/2&#8243;]<div class=\"iconbox  wpb_content_element iconbox-style-1 icon-color-accent color-dark animation-none\"><h3><img src='https:\/\/velodyneacoustics.com\/wp-content\/uploads\/2021\/03\/icon-digital-high-gain-servo-control.png' class='iconimg' alt='Digital High-Gain Servo Control' \/><span>Digital High-Gain Servo Control<\/span><\/h3><p>Mit der Regelungs-Technik Digital High Gain Servo Control hebt Velodyne Acoustics die verzerrungsarme Basswiedergabe auf ein neues Niveau. Die patentierte Technologie nutzt einen eigens daf\u00fcr entwickelten Beschleunigungssensor, um die Membran-bewegung perfekt kontrollieren zu k\u00f6nnen. Diese Messungen erfolgen so schnell hintereinander, dass Verzerrungen schon bei der Entstehung vermieden werden.<\/p>\n<\/p><\/div>[\/vc_column][vc_column width=&#8220;1\/2&#8243;]<div class=\"iconbox  wpb_content_element iconbox-style-1 icon-color-accent color-dark animation-none\"><h3><img src='https:\/\/velodyneacoustics.com\/wp-content\/uploads\/2021\/03\/icon-eq-plus-equalizer-auto-ex-plus.png' class='iconimg' alt='EQ Plus Equalizer &amp; Auto-EX Plus' \/><span>EQ Plus Equalizer &amp; Auto-EX Plus<\/span><\/h3><p>Die einzigartige Auto-EQ-Plus-Technologie macht die optimale Anpassung des Subwoofers an die individuellen r\u00e4umlichen Wohnsituationen und verschiedene R\u00e4ume m\u00f6glich. Hinzu kommen mehrere Presets, die f\u00fcr jede Situation den perfekt abgestimmten Bass bereithalten. Dank des mitgelieferten Einmessmikrofons erfolgt die Echtzeit-Basskorrektur ganz einfach, wobei manuelle Messvorg\u00e4nge und sogar weiteres Feintuning am PC m\u00f6glich sind.<\/p>\n<\/p><\/div>[\/vc_column][\/vc_row][vc_row bg_image=&#8220;780&#8243; bg_color=&#8220;#f7f7f7&#8243; text_color=&#8220;light&#8220; top_padding=&#8220;100&#8243; bottom_padding=&#8220;100&#8243; row_id=&#8220;subwoofer-direct&#8220;][vc_column column_center=&#8220;true&#8220; width=&#8220;3\/6&#8243;]<div class=\"iconbox  wpb_content_element iconbox-style-1 icon-color-accent color-dark animation-none\"><h3><img src='https:\/\/velodyneacoustics.com\/wp-content\/uploads\/2021\/04\/icon-subwoofer-direct-white.png' class='iconimg' alt='Subwoofer Direct' \/><span>Subwoofer Direct<\/span><\/h3><p>Die exklusive Subwoofer Direct-Funktion von Velodyne Acoustics kann optional die interne Frequenzweiche umgehen. So wird bei Verwendung einer externen Receiver-Frequenzweiche die optimale Leistung in jedem Musik- oder Heimkinosystem gew\u00e4hrleistet.<\/p>\n<\/p><\/div>[\/vc_column][vc_column width=&#8220;3\/6&#8243;]<div class=\"single_image wpb_content_element align-left    \" data-animation=\"none\" data-delay=\"0\"><img loading=\"lazy\" decoding=\"async\" width=\"707\" height=\"600\" src=\"https:\/\/velodyneacoustics.com\/wp-content\/uploads\/2021\/03\/freisteller-deep-blue-schraeg.png\" class=\"attachment-full\" alt=\"\" title=\"freisteller-deep-blue-schraeg\" srcset=\"https:\/\/velodyneacoustics.com\/wp-content\/uploads\/2021\/03\/freisteller-deep-blue-schraeg.png 707w, https:\/\/velodyneacoustics.com\/wp-content\/uploads\/2021\/03\/freisteller-deep-blue-schraeg-300x255.png 300w\" sizes=\"auto, (max-width: 707px) 100vw, 707px\" \/><\/div>[\/vc_column][\/vc_row][vc_row bg_image=&#8220;780&#8243; bg_color=&#8220;#333333&#8243; text_color=&#8220;light&#8220; text_align=&#8220;center&#8220; top_padding=&#8220;100&#8243; bottom_padding=&#8220;100&#8243; class=&#8220;hidden&#8220;][vc_column width=&#8220;1\/1&#8243;][vc_column_text]<\/p>\n<div class=\"border\">\n<h3>Velodyne Produkte<\/h3>\n<p>Velodyne Subwoofer und Audio Produkte stehen f\u00fcr die Fusion von technischen H\u00f6chstleistungen mit einem zeitlos sch\u00f6nem Industriedesign. Erleben Sie Velodyne und genie\u00dfen Sie Tieftonwiedergabe auf h\u00f6chstem Niveau.<\/p>\n<p><a class=\"button\">Unsere Produkte<\/a><\/p>\n<\/div>\n<p>[\/vc_column_text][\/vc_column][\/vc_row][vc_row][vc_column column_center=&#8220;true&#8220; width=&#8220;1\/1&#8243;]<div class=\"spacer\" style=\"height: 50px;\"><\/div>[\/vc_column][\/vc_row][vc_row bg_color=&#8220;#222222&#8243; text_color=&#8220;light&#8220; top_padding=&#8220;50&#8243; bottom_padding=&#8220;50&#8243; class=&#8220;row-cta&#8220;][vc_column width=&#8220;1\/1&#8243;][vc_column_text]<h2>Entdecken Sie unsere Subwoofer!<\/h2>\r\n<a class=\"button cta\" href=\"\/de\/produkte\">Unsere Produkte<\/a>[\/vc_column_text][\/vc_column][\/vc_row]<\/p>\n<\/div>","protected":false},"excerpt":{"rendered":"<p>[vc_row type=&#8220;full_width_section&#8220;][vc_column width=&#8220;1\/1&#8243;][\/vc_column][\/vc_row][vc_row bg_color=&#8220;#222222&#8243; text_color=&#8220;light&#8220; top_padding=&#8220;10&#8243; bottom_padding=&#8220;10&#8243;][vc_column width=&#8220;1\/1&#8243;][vc_column_text][\/vc_column_text][\/vc_column][\/vc_row][vc_row top_padding=&#8220;100&#8243; bottom_padding=&#8220;100&#8243; row_id=&#8220;maximum-dynamic-power&#8220;][vc_column column_center=&#8220;true&#8220; width=&#8220;1\/2&#8243;][\/vc_column][vc_column width=&#8220;1\/2&#8243;][\/vc_column][\/vc_row][vc_row bg_image=&#8220;608&#8243; bg_color=&#8220;#222222&#8243; text_color=&#8220;light&#8220; text_align=&#8220;center&#8220; top_padding=&#8220;100&#8243; bottom_padding=&#8220;370&#8243; class=&#8220;background-ddcs&#8220; row_id=&#8220;digital-drive-control-system&#8220;][vc_column width=&#8220;1\/1&#8243;][\/vc_column][\/vc_row][vc_row top_padding=&#8220;100&#8243; bottom_padding=&#8220;100&#8243; row_id=&#8220;digital-high-gain-servo-control-eq-plus-equalizer-auto-ex-plus&#8220;][vc_column width=&#8220;1\/2&#8243;][\/vc_column][vc_column width=&#8220;1\/2&#8243;][\/vc_column][\/vc_row][vc_row bg_image=&#8220;780&#8243; bg_color=&#8220;#f7f7f7&#8243; text_color=&#8220;light&#8220; top_padding=&#8220;100&#8243; bottom_padding=&#8220;100&#8243; row_id=&#8220;subwoofer-direct&#8220;][vc_column column_center=&#8220;true&#8220; width=&#8220;3\/6&#8243;][\/vc_column][vc_column width=&#8220;3\/6&#8243;][\/vc_column][\/vc_row][vc_row bg_image=&#8220;780&#8243; bg_color=&#8220;#333333&#8243; text_color=&#8220;light&#8220; text_align=&#8220;center&#8220; top_padding=&#8220;100&#8243; bottom_padding=&#8220;100&#8243; class=&#8220;hidden&#8220;][vc_column width=&#8220;1\/1&#8243;][vc_column_text] Velodyne Produkte Velodyne Subwoofer und Audio Produkte stehen f\u00fcr die Fusion von technischen H\u00f6chstleistungen mit einem zeitlos sch\u00f6nem Industriedesign. Erleben Sie Velodyne und genie\u00dfen Sie Tieftonwiedergabe auf h\u00f6chstem Niveau. Unsere Produkte [\/vc_column_text][\/vc_column][\/vc_row][vc_row][vc_column column_center=&#8220;true&#8220; width=&#8220;1\/1&#8243;][\/vc_column][\/vc_row][vc_row bg_color=&#8220;#222222&#8243; text_color=&#8220;light&#8220; top_padding=&#8220;50&#8243; bottom_padding=&#8220;50&#8243; class=&#8220;row-cta&#8220;][vc_column width=&#8220;1\/1&#8243;][vc_column_text][\/vc_column_text][\/vc_column][\/vc_row]<\/p>\n","protected":false},"author":1,"featured_media":0,"parent":0,"menu_order":14,"comment_status":"closed","ping_status":"closed","template":"","meta":{"_acf_changed":false,"footnotes":""},"class_list":["post-709","page","type-page","status-publish","hentry"],"acf":[],"yoast_head":"<!-- This site is optimized with the Yoast SEO plugin v27.2 - https:\/\/yoast.com\/product\/yoast-seo-wordpress\/ -->\n<title>Technologien - Velodyne Acoustics<\/title>\n<meta name=\"robots\" content=\"index, follow, max-snippet:-1, max-image-preview:large, max-video-preview:-1\" \/>\n<link rel=\"canonical\" href=\"https:\/\/velodyneacoustics.com\/de\/technologien\/\" \/>\n<meta property=\"og:locale\" content=\"de_DE\" \/>\n<meta property=\"og:type\" content=\"article\" \/>\n<meta property=\"og:title\" content=\"Technologien - Velodyne Acoustics\" \/>\n<meta property=\"og:description\" content=\"[vc_row type=&#8220;full_width_section&#8220;][vc_column width=&#8220;1\/1&#8243;][\/vc_column][\/vc_row][vc_row bg_color=&#8220;#222222&#8243; text_color=&#8220;light&#8220; top_padding=&#8220;10&#8243; bottom_padding=&#8220;10&#8243;][vc_column width=&#8220;1\/1&#8243;][vc_column_text][\/vc_column_text][\/vc_column][\/vc_row][vc_row top_padding=&#8220;100&#8243; bottom_padding=&#8220;100&#8243; row_id=&#8220;maximum-dynamic-power&#8220;][vc_column column_center=&#8220;true&#8220; width=&#8220;1\/2&#8243;][\/vc_column][vc_column width=&#8220;1\/2&#8243;][\/vc_column][\/vc_row][vc_row bg_image=&#8220;608&#8243; bg_color=&#8220;#222222&#8243; text_color=&#8220;light&#8220; text_align=&#8220;center&#8220; top_padding=&#8220;100&#8243; bottom_padding=&#8220;370&#8243; class=&#8220;background-ddcs&#8220; row_id=&#8220;digital-drive-control-system&#8220;][vc_column width=&#8220;1\/1&#8243;][\/vc_column][\/vc_row][vc_row top_padding=&#8220;100&#8243; bottom_padding=&#8220;100&#8243; row_id=&#8220;digital-high-gain-servo-control-eq-plus-equalizer-auto-ex-plus&#8220;][vc_column width=&#8220;1\/2&#8243;][\/vc_column][vc_column width=&#8220;1\/2&#8243;][\/vc_column][\/vc_row][vc_row bg_image=&#8220;780&#8243; bg_color=&#8220;#f7f7f7&#8243; text_color=&#8220;light&#8220; top_padding=&#8220;100&#8243; bottom_padding=&#8220;100&#8243; row_id=&#8220;subwoofer-direct&#8220;][vc_column column_center=&#8220;true&#8220; width=&#8220;3\/6&#8243;][\/vc_column][vc_column width=&#8220;3\/6&#8243;][\/vc_column][\/vc_row][vc_row bg_image=&#8220;780&#8243; bg_color=&#8220;#333333&#8243; text_color=&#8220;light&#8220; text_align=&#8220;center&#8220; top_padding=&#8220;100&#8243; bottom_padding=&#8220;100&#8243; class=&#8220;hidden&#8220;][vc_column width=&#8220;1\/1&#8243;][vc_column_text] Velodyne Produkte Velodyne Subwoofer und Audio Produkte stehen f\u00fcr die Fusion von technischen H\u00f6chstleistungen mit einem zeitlos sch\u00f6nem Industriedesign. Erleben Sie Velodyne und genie\u00dfen Sie Tieftonwiedergabe auf h\u00f6chstem Niveau. Unsere Produkte [\/vc_column_text][\/vc_column][\/vc_row][vc_row][vc_column column_center=&#8220;true&#8220; width=&#8220;1\/1&#8243;][\/vc_column][\/vc_row][vc_row bg_color=&#8220;#222222&#8243; text_color=&#8220;light&#8220; top_padding=&#8220;50&#8243; bottom_padding=&#8220;50&#8243; class=&#8220;row-cta&#8220;][vc_column width=&#8220;1\/1&#8243;][vc_column_text][\/vc_column_text][\/vc_column][\/vc_row]\" \/>\n<meta property=\"og:url\" content=\"https:\/\/velodyneacoustics.com\/de\/technologien\/\" \/>\n<meta property=\"og:site_name\" content=\"Velodyne Acoustics\" \/>\n<meta property=\"article:publisher\" content=\"https:\/\/www.facebook.com\/VelodyneAcoustics\/\" \/>\n<meta property=\"article:modified_time\" content=\"2025-03-05T15:02:48+00:00\" \/>\n<meta name=\"twitter:card\" content=\"summary_large_image\" \/>\n<meta name=\"twitter:label1\" content=\"Gesch\u00e4tzte Lesezeit\" \/>\n\t<meta name=\"twitter:data1\" content=\"4\u00a0Minuten\" \/>\n<script type=\"application\/ld+json\" class=\"yoast-schema-graph\">{\"@context\":\"https:\/\/schema.org\",\"@graph\":[{\"@type\":\"WebPage\",\"@id\":\"https:\/\/velodyneacoustics.com\/de\/technologien\/\",\"url\":\"https:\/\/velodyneacoustics.com\/de\/technologien\/\",\"name\":\"Technologien - Velodyne Acoustics\",\"isPartOf\":{\"@id\":\"https:\/\/velodyneacoustics.com\/de\/#website\"},\"datePublished\":\"2021-05-05T21:20:44+00:00\",\"dateModified\":\"2025-03-05T15:02:48+00:00\",\"breadcrumb\":{\"@id\":\"https:\/\/velodyneacoustics.com\/de\/technologien\/#breadcrumb\"},\"inLanguage\":\"de\",\"potentialAction\":[{\"@type\":\"ReadAction\",\"target\":[\"https:\/\/velodyneacoustics.com\/de\/technologien\/\"]}]},{\"@type\":\"BreadcrumbList\",\"@id\":\"https:\/\/velodyneacoustics.com\/de\/technologien\/#breadcrumb\",\"itemListElement\":[{\"@type\":\"ListItem\",\"position\":1,\"name\":\"Startseite\",\"item\":\"https:\/\/velodyneacoustics.com\/de\/\"},{\"@type\":\"ListItem\",\"position\":2,\"name\":\"Technologien\"}]},{\"@type\":\"WebSite\",\"@id\":\"https:\/\/velodyneacoustics.com\/de\/#website\",\"url\":\"https:\/\/velodyneacoustics.com\/de\/\",\"name\":\"Velodyne Acoustics\",\"description\":\"Defining Bass over 30 years\",\"publisher\":{\"@id\":\"https:\/\/velodyneacoustics.com\/de\/#organization\"},\"potentialAction\":[{\"@type\":\"SearchAction\",\"target\":{\"@type\":\"EntryPoint\",\"urlTemplate\":\"https:\/\/velodyneacoustics.com\/de\/?s={search_term_string}\"},\"query-input\":{\"@type\":\"PropertyValueSpecification\",\"valueRequired\":true,\"valueName\":\"search_term_string\"}}],\"inLanguage\":\"de\"},{\"@type\":\"Organization\",\"@id\":\"https:\/\/velodyneacoustics.com\/de\/#organization\",\"name\":\"Velodyne Acoustics\",\"url\":\"https:\/\/velodyneacoustics.com\/de\/\",\"logo\":{\"@type\":\"ImageObject\",\"inLanguage\":\"de\",\"@id\":\"https:\/\/velodyneacoustics.com\/de\/#\/schema\/logo\/image\/\",\"url\":\"https:\/\/velodyneacoustics.com\/wp-content\/uploads\/2025\/11\/logo-velodyne-seo.png\",\"contentUrl\":\"https:\/\/velodyneacoustics.com\/wp-content\/uploads\/2025\/11\/logo-velodyne-seo.png\",\"width\":250,\"height\":77,\"caption\":\"Velodyne Acoustics\"},\"image\":{\"@id\":\"https:\/\/velodyneacoustics.com\/de\/#\/schema\/logo\/image\/\"},\"sameAs\":[\"https:\/\/www.facebook.com\/VelodyneAcoustics\/\",\"https:\/\/www.instagram.com\/VelodyneAcoustics\/\",\"https:\/\/www.linkedin.com\/company\/velodyne-acoustics-inc-\/\"]}]}<\/script>\n<!-- \/ Yoast SEO plugin. -->","yoast_head_json":{"title":"Technologien - Velodyne Acoustics","robots":{"index":"index","follow":"follow","max-snippet":"max-snippet:-1","max-image-preview":"max-image-preview:large","max-video-preview":"max-video-preview:-1"},"canonical":"https:\/\/velodyneacoustics.com\/de\/technologien\/","og_locale":"de_DE","og_type":"article","og_title":"Technologien - Velodyne Acoustics","og_description":"[vc_row type=&#8220;full_width_section&#8220;][vc_column width=&#8220;1\/1&#8243;][\/vc_column][\/vc_row][vc_row bg_color=&#8220;#222222&#8243; text_color=&#8220;light&#8220; top_padding=&#8220;10&#8243; bottom_padding=&#8220;10&#8243;][vc_column width=&#8220;1\/1&#8243;][vc_column_text][\/vc_column_text][\/vc_column][\/vc_row][vc_row top_padding=&#8220;100&#8243; bottom_padding=&#8220;100&#8243; row_id=&#8220;maximum-dynamic-power&#8220;][vc_column column_center=&#8220;true&#8220; width=&#8220;1\/2&#8243;][\/vc_column][vc_column width=&#8220;1\/2&#8243;][\/vc_column][\/vc_row][vc_row bg_image=&#8220;608&#8243; bg_color=&#8220;#222222&#8243; text_color=&#8220;light&#8220; text_align=&#8220;center&#8220; top_padding=&#8220;100&#8243; bottom_padding=&#8220;370&#8243; class=&#8220;background-ddcs&#8220; row_id=&#8220;digital-drive-control-system&#8220;][vc_column width=&#8220;1\/1&#8243;][\/vc_column][\/vc_row][vc_row top_padding=&#8220;100&#8243; bottom_padding=&#8220;100&#8243; row_id=&#8220;digital-high-gain-servo-control-eq-plus-equalizer-auto-ex-plus&#8220;][vc_column width=&#8220;1\/2&#8243;][\/vc_column][vc_column width=&#8220;1\/2&#8243;][\/vc_column][\/vc_row][vc_row bg_image=&#8220;780&#8243; bg_color=&#8220;#f7f7f7&#8243; text_color=&#8220;light&#8220; top_padding=&#8220;100&#8243; bottom_padding=&#8220;100&#8243; row_id=&#8220;subwoofer-direct&#8220;][vc_column column_center=&#8220;true&#8220; width=&#8220;3\/6&#8243;][\/vc_column][vc_column width=&#8220;3\/6&#8243;][\/vc_column][\/vc_row][vc_row bg_image=&#8220;780&#8243; bg_color=&#8220;#333333&#8243; text_color=&#8220;light&#8220; text_align=&#8220;center&#8220; top_padding=&#8220;100&#8243; bottom_padding=&#8220;100&#8243; class=&#8220;hidden&#8220;][vc_column width=&#8220;1\/1&#8243;][vc_column_text] Velodyne Produkte Velodyne Subwoofer und Audio Produkte stehen f\u00fcr die Fusion von technischen H\u00f6chstleistungen mit einem zeitlos sch\u00f6nem Industriedesign. Erleben Sie Velodyne und genie\u00dfen Sie Tieftonwiedergabe auf h\u00f6chstem Niveau. Unsere Produkte [\/vc_column_text][\/vc_column][\/vc_row][vc_row][vc_column column_center=&#8220;true&#8220; width=&#8220;1\/1&#8243;][\/vc_column][\/vc_row][vc_row bg_color=&#8220;#222222&#8243; text_color=&#8220;light&#8220; top_padding=&#8220;50&#8243; bottom_padding=&#8220;50&#8243; class=&#8220;row-cta&#8220;][vc_column width=&#8220;1\/1&#8243;][vc_column_text][\/vc_column_text][\/vc_column][\/vc_row]","og_url":"https:\/\/velodyneacoustics.com\/de\/technologien\/","og_site_name":"Velodyne Acoustics","article_publisher":"https:\/\/www.facebook.com\/VelodyneAcoustics\/","article_modified_time":"2025-03-05T15:02:48+00:00","twitter_card":"summary_large_image","twitter_misc":{"Gesch\u00e4tzte Lesezeit":"4\u00a0Minuten"},"schema":{"@context":"https:\/\/schema.org","@graph":[{"@type":"WebPage","@id":"https:\/\/velodyneacoustics.com\/de\/technologien\/","url":"https:\/\/velodyneacoustics.com\/de\/technologien\/","name":"Technologien - Velodyne Acoustics","isPartOf":{"@id":"https:\/\/velodyneacoustics.com\/de\/#website"},"datePublished":"2021-05-05T21:20:44+00:00","dateModified":"2025-03-05T15:02:48+00:00","breadcrumb":{"@id":"https:\/\/velodyneacoustics.com\/de\/technologien\/#breadcrumb"},"inLanguage":"de","potentialAction":[{"@type":"ReadAction","target":["https:\/\/velodyneacoustics.com\/de\/technologien\/"]}]},{"@type":"BreadcrumbList","@id":"https:\/\/velodyneacoustics.com\/de\/technologien\/#breadcrumb","itemListElement":[{"@type":"ListItem","position":1,"name":"Startseite","item":"https:\/\/velodyneacoustics.com\/de\/"},{"@type":"ListItem","position":2,"name":"Technologien"}]},{"@type":"WebSite","@id":"https:\/\/velodyneacoustics.com\/de\/#website","url":"https:\/\/velodyneacoustics.com\/de\/","name":"Velodyne Acoustics","description":"Defining Bass over 30 years","publisher":{"@id":"https:\/\/velodyneacoustics.com\/de\/#organization"},"potentialAction":[{"@type":"SearchAction","target":{"@type":"EntryPoint","urlTemplate":"https:\/\/velodyneacoustics.com\/de\/?s={search_term_string}"},"query-input":{"@type":"PropertyValueSpecification","valueRequired":true,"valueName":"search_term_string"}}],"inLanguage":"de"},{"@type":"Organization","@id":"https:\/\/velodyneacoustics.com\/de\/#organization","name":"Velodyne Acoustics","url":"https:\/\/velodyneacoustics.com\/de\/","logo":{"@type":"ImageObject","inLanguage":"de","@id":"https:\/\/velodyneacoustics.com\/de\/#\/schema\/logo\/image\/","url":"https:\/\/velodyneacoustics.com\/wp-content\/uploads\/2025\/11\/logo-velodyne-seo.png","contentUrl":"https:\/\/velodyneacoustics.com\/wp-content\/uploads\/2025\/11\/logo-velodyne-seo.png","width":250,"height":77,"caption":"Velodyne Acoustics"},"image":{"@id":"https:\/\/velodyneacoustics.com\/de\/#\/schema\/logo\/image\/"},"sameAs":["https:\/\/www.facebook.com\/VelodyneAcoustics\/","https:\/\/www.instagram.com\/VelodyneAcoustics\/","https:\/\/www.linkedin.com\/company\/velodyne-acoustics-inc-\/"]}]}},"_links":{"self":[{"href":"https:\/\/velodyneacoustics.com\/de\/wp-json\/wp\/v2\/pages\/709","targetHints":{"allow":["GET"]}}],"collection":[{"href":"https:\/\/velodyneacoustics.com\/de\/wp-json\/wp\/v2\/pages"}],"about":[{"href":"https:\/\/velodyneacoustics.com\/de\/wp-json\/wp\/v2\/types\/page"}],"author":[{"embeddable":true,"href":"https:\/\/velodyneacoustics.com\/de\/wp-json\/wp\/v2\/users\/1"}],"replies":[{"embeddable":true,"href":"https:\/\/velodyneacoustics.com\/de\/wp-json\/wp\/v2\/comments?post=709"}],"version-history":[{"count":0,"href":"https:\/\/velodyneacoustics.com\/de\/wp-json\/wp\/v2\/pages\/709\/revisions"}],"wp:attachment":[{"href":"https:\/\/velodyneacoustics.com\/de\/wp-json\/wp\/v2\/media?parent=709"}],"curies":[{"name":"wp","href":"https:\/\/api.w.org\/{rel}","templated":true}]}}