{"id":30134,"date":"2021-05-05T23:16:40","date_gmt":"2021-05-05T21:16:40","guid":{"rendered":"http:\/\/velodyne-acoustics-wpml.local\/?page_id=30134"},"modified":"2025-03-05T16:27:41","modified_gmt":"2025-03-05T15:27:41","slug":"wi-connect-transmitter","status":"publish","type":"page","link":"https:\/\/velodyneacoustics.com\/es\/productos\/wi-connect-transmitter\/","title":{"rendered":"Wi-Connect Transmitter"},"content":{"rendered":"<div class=\"wpb-content-wrapper\"><p>[vc_row type=\u00bbfull_width_section\u00bb][vc_column width=\u00bb1\/1&#8243;]\n\t\t\t\t<p class=\"rs-p-wp-fix\"><\/p>\n\t\t\t\t<sr7-module data-alias=\"wi-connect\" data-id=\"43\" id=\"SR7_43_1\" class=\"rs-ov-hidden\" data-version=\"6.7.52\">\n\t\t\t\t\t<sr7-adjuster><\/sr7-adjuster>\n\t\t\t\t\t<sr7-content>\n\t\t\t\t\t\t<sr7-slide id=\"SR7_43_1-96\" data-key=\"96\">\n\t\t\t\t\t\t\t<sr7-bg id=\"SR7_43_1-96-10\" class=\"sr7-layer\"><noscript><img decoding=\"async\" src=\"https:\/\/velodyneacoustics.com\/wp-content\/uploads\/2021\/04\/slider-background-wi-connect.jpg\" alt=\"\" title=\"slider-background-wi-connect\"><\/noscript><\/sr7-bg>\n\t\t\t\t\t\t\t<sr7-txt id=\"SR7_43_1-96-4\" class=\"sr7-layer\">Velodyne Acoustics Wi-Connect Transmitter<\/sr7-txt>\n\t\t\t\t\t\t\t<sr7-txt id=\"SR7_43_1-96-5\" class=\"sr7-layer\">M\u00e1s informati\u00f3n<\/sr7-txt>\n\t\t\t\t\t\t\t<sr7-txt id=\"SR7_43_1-96-9\" class=\"sr7-layer\">Cast off, disfruta del sonido de baja <br \/>frecuencia de forma inal\u00e1mbrica<\/sr7-txt>\n\t\t\t\t\t\t<\/sr7-slide>\n\t\t\t\t\t\t<sr7-slide id=\"SR7_43_1-112\" data-key=\"112\">\n\t\t\t\t\t\t<\/sr7-slide>\n\t\t\t\t\t<\/sr7-content>\n\t\t\t\t\t<image_lists style=\"display:none\">\n\t\t\t\t\t\t<img data-src=\"\/\/velodyneacoustics.com\/wp-content\/uploads\/2021\/03\/velodyne-acoustics-wi-connect-01.png\" data-libid=\"764\" data-lib=\"medialibrary\" title=\"velodyne-acoustics-wi-connect-01\" width=\"0\" height=\"0\" data-dbsrc=\"Ly92ZWxvZHluZWFjb3VzdGljcy5jb20vd3AtY29udGVudC91cGxvYWRzLzIwMjEvMDMvdmVsb2R5bmUtYWNvdXN0aWNzLXdpLWNvbm5lY3QtMDEucG5n\"\/>\n\t\t\t\t\t\t<img data-src=\"\/\/velodyneacoustics.com\/wp-content\/uploads\/2021\/04\/slider-background-wi-connect.jpg\" data-libid=\"1165\" data-lib=\"medialibrary\" title=\"slider-background-wi-connect\" width=\"0\" height=\"0\" data-dbsrc=\"Ly92ZWxvZHluZWFjb3VzdGljcy5jb20vd3AtY29udGVudC91cGxvYWRzLzIwMjEvMDQvc2xpZGVyLWJhY2tncm91bmQtd2ktY29ubmVjdC5qcGc=\"\/>\n\t\t\t\t\t<\/image_lists>\n\t\t\t\t<\/sr7-module>\n\t\t\t\t<script>\n\t\t\t\t\twindow.SR7 ??={};SR7.PMH ??={}; SR7.PMH[\"SR7_43_1\"] = {cn:100,state:false,fn: function() { if (window._tpt!==undefined && window._tpt.prepareModuleHeight !== undefined) {  _tpt.prepareModuleHeight({id:\"SR7_43_1\",el:[750,750,700,600,650],type:'standard',shdw:'0',gh:[750,750,600,500,400],gw:[1240,1240,1024,778,480],vpt:['-200px&#039;,&#039;-200px&#039;,&#039;-200px&#039;,&#039;-200px&#039;,&#039;-200px'],size:{fullWidth:true, fullHeight:false},mh:'0',onh:0,onw:0,bg:{color:'{\"orig\":\"transparent\",\"type\":\"solid\",\"string\":\"transparent\"}'},googleFont:\"ignore\"});   SR7.PMH[\"SR7_43_1\"].state=true;} else if(SR7.PMH[\"SR7_43_1\"].cn-->0)\tsetTimeout( SR7.PMH[\"SR7_43_1\"].fn,19);}};SR7.PMH[\"SR7_43_1\" ].fn();\n\t\t\t\t<\/script>\n[\/vc_column][\/vc_row][vc_row bg_color=\u00bb#222222&#8243; text_color=\u00bblight\u00bb top_padding=\u00bb10&#8243; bottom_padding=\u00bb10&#8243;][vc_column width=\u00bb1\/1&#8243;][vc_column_text]<a href=\"\/es\/productos\/\" class=\"sliderbar\"><img loading=\"lazy\" decoding=\"async\" src=\"https:\/\/velodyneacoustics.com\/wp-content\/uploads\/2021\/03\/icon-subwoofer-white.png\" width=\"25\" height=\"25\"> Nuestros subwoofers<\/a><a class=\"sliderbar\" href=\"\/es\/experiencia\/\"><img loading=\"lazy\" decoding=\"async\" src=\"https:\/\/velodyneacoustics.com\/wp-content\/uploads\/2021\/03\/icon-dealerships-white.png\" width=\"30\" height=\"30\"> Encontrar distribuidores<\/a>[\/vc_column_text][\/vc_column][\/vc_row][vc_row text_align=\u00bbcenter\u00bb top_padding=\u00bb100&#8243; bottom_padding=\u00bb100&#8243;][vc_column width=\u00bb1\/1&#8243;][vc_column_text]<\/p>\n<h1>Velodyne Acoustics Wi-Connect Transmitter<\/h1>\n<h2>Baja frecuencia perfecta, sin cables<\/h2>\n<p>Con el transmisor Wi-Connect, el cable de conexi\u00f3n al subwoofer es cosa del pasado.<br \/>\nAs\u00ed, el peque\u00f1o accesorio hace posible una colocaci\u00f3n perfecta y flexible.<br \/>\n<p class=\"infolinks\"><a style=\"margin-right: 40px !important;\" href=\"#specs\"><img loading=\"lazy\" decoding=\"async\" class=\"alignnone size-full wp-image-219\" src=\"https:\/\/velodyneacoustics.com\/wp-content\/uploads\/2021\/03\/icon-list-black.png\" alt=\"\" width=\"25\" height=\"25\" \/> Especificaciones<\/a><a style=\"margin-right: 40px !important;\" href=\"#gallery\"><img loading=\"lazy\" decoding=\"async\" class=\"alignnone size-full wp-image-210\" src=\"https:\/\/velodyneacoustics.com\/wp-content\/uploads\/2021\/03\/icon-images-black.png\" alt=\"\" width=\"30\" height=\"30\" \/> Imagenes<\/a><a href=\"\/es\/manuales-y-documentos\"><img loading=\"lazy\" decoding=\"async\" class=\"alignnone size-full wp-image-210\" src=\"https:\/\/velodyneacoustics.com\/wp-content\/uploads\/2021\/03\/icon-downloads-black.png\" alt=\"\" width=\"30\" height=\"30\" \/> Descargas<\/a><\/p>[\/vc_column_text][\/vc_column][\/vc_row][vc_row bg_color=\u00bb#f1f1f1&#8243; text_align=\u00bbcenter\u00bb top_padding=\u00bb100&#8243;][vc_column column_center=\u00bbtrue\u00bb width=\u00bb1\/1&#8243;][vc_column_text]<\/p>\n<h3>El sistema Wi-Connect<\/h3>\n<p>permite alimentar de forma inal\u00e1mbrica un subwoofer activo o la mayor\u00eda de los altavoces activos con la se\u00f1al de audio. Para ello, el peque\u00f1o dispositivo cuenta con un transmisor y un receptor inal\u00e1mbricos de 2,4 GHz para frecuencias que van de 6 Hz a 16 kHz con una reducci\u00f3n de nivel de 3 dB. Con una excelente transmisi\u00f3n inal\u00e1mbrica, Wi-Connect garantiza todos los detalles y efectos de las pel\u00edculas y la m\u00fasica m\u00e1s queridas. Adem\u00e1s, el sistema de Velodyne Acoustics dispone de varios canales de radio para evitar interferencias con otros dispositivos de la casa.[\/vc_column_text][\/vc_column][\/vc_row][vc_row bg_color=\u00bb#f1f1f1&#8243; bottom_padding=\u00bb100&#8243;][vc_column column_center=\u00bbtrue\u00bb width=\u00bb1\/2&#8243;][vc_column_text]<\/p>\n<h3><span class=\"VIiyi\" lang=\"es\"><span class=\"JLqJ4b ChMk0b\" data-language-for-alternatives=\"es\" data-language-to-translate-into=\"en\" data-phrase-index=\"0\">Las caracter\u00edsticas<\/span><\/span><\/h3>\n<ul class=\"features\">\n<li>Gran alcance de transmisi\u00f3n de 16,5 metros<\/li>\n<li>Conexi\u00f3n inal\u00e1mbrica y sin complicaciones de subwoofers y altavoces activos<\/li>\n<li>Cuatro canales de radio para una conexi\u00f3n sin interferencias<\/li>\n<li>Sistema compacto para frecuencias de 6 Hz a 16 kHz con reducci\u00f3n de nivel de 3 dB<\/li>\n<\/ul>\n<p>[\/vc_column_text][\/vc_column][vc_column width=\u00bb1\/2&#8243;]<div class=\"single_image wpb_content_element align-left    \" data-animation=\"none\" data-delay=\"0\"><img loading=\"lazy\" decoding=\"async\" width=\"707\" height=\"600\" src=\"https:\/\/velodyneacoustics.com\/wp-content\/uploads\/2021\/03\/velodyne-acoustics-wi-connect-transmitter-back.png\" class=\"attachment-thumbnail\" alt=\"\" title=\"Velodyne Acoustics Wi-Connect Transmitter\" srcset=\"https:\/\/velodyneacoustics.com\/wp-content\/uploads\/2021\/03\/velodyne-acoustics-wi-connect-transmitter-back.png 707w, https:\/\/velodyneacoustics.com\/wp-content\/uploads\/2021\/03\/velodyne-acoustics-wi-connect-transmitter-back-300x255.png 300w\" sizes=\"auto, (max-width: 707px) 100vw, 707px\" \/><\/div>[\/vc_column][\/vc_row][vc_row type=\u00bbfull_width_section\u00bb class=\u00bbhidden\u00bb][vc_column width=\u00bb1\/1&#8243;][vc_column_text][scrollsequence id=\u00bb299&#8243;][\/vc_column_text][\/vc_column][\/vc_row][vc_row bg_color=\u00bb#222222&#8243; text_align=\u00bbcenter\u00bb top_padding=\u00bb100&#8243; bottom_padding=\u00bb100&#8243; row_id=\u00bbgallery\u00bb][vc_column width=\u00bb1\/1&#8243;]<div class=\"gallery-style-2\">\n\t\t<style type=\"text\/css\">\n\t\t\t#gallery-1 {\n\t\t\t\tmargin: auto;\n\t\t\t}\n\t\t\t#gallery-1 .gallery-item {\n\t\t\t\tfloat: left;\n\t\t\t\tmargin-top: 10px;\n\t\t\t\ttext-align: center;\n\t\t\t\twidth: 33%;\n\t\t\t}\n\t\t\t#gallery-1 img {\n\t\t\t\tborder: 2px solid #cfcfcf;\n\t\t\t}\n\t\t\t#gallery-1 .gallery-caption {\n\t\t\t\tmargin-left: 0;\n\t\t\t}\n\t\t\t\/* see gallery_shortcode() in wp-includes\/media.php *\/\n\t\t<\/style>\n\t\t<div id='gallery-1' class='gallery galleryid-30134 gallery-columns-3 gallery-size-thumbnail'><dl class='gallery-item'>\n\t\t\t<dt class='gallery-icon landscape'>\n\t\t\t\t<a rel=\"prettyPhoto[pp_gal]\" href='https:\/\/velodyneacoustics.com\/wp-content\/uploads\/2021\/03\/galery-velodyne-acoustics-wi-connect-01.jpg'><img loading=\"lazy\" decoding=\"async\" width=\"1200\" height=\"720\" src=\"https:\/\/velodyneacoustics.com\/wp-content\/uploads\/2021\/03\/galery-velodyne-acoustics-wi-connect-01-1200x720.jpg\" class=\"attachment-thumbnail size-thumbnail\" alt=\"\" \/><\/a>\n\t\t\t<\/dt><\/dl><dl class='gallery-item'>\n\t\t\t<dt class='gallery-icon landscape'>\n\t\t\t\t<a rel=\"prettyPhoto[pp_gal]\" href='https:\/\/velodyneacoustics.com\/wp-content\/uploads\/2021\/03\/galery-velodyne-acoustics-wi-connect-02.jpg'><img loading=\"lazy\" decoding=\"async\" width=\"1200\" height=\"720\" src=\"https:\/\/velodyneacoustics.com\/wp-content\/uploads\/2021\/03\/galery-velodyne-acoustics-wi-connect-02-1200x720.jpg\" class=\"attachment-thumbnail size-thumbnail\" alt=\"\" \/><\/a>\n\t\t\t<\/dt><\/dl><dl class='gallery-item'>\n\t\t\t<dt class='gallery-icon landscape'>\n\t\t\t\t<a rel=\"prettyPhoto[pp_gal]\" href='https:\/\/velodyneacoustics.com\/wp-content\/uploads\/2021\/03\/galery-velodyne-acoustics-wi-connect-03.jpg'><img loading=\"lazy\" decoding=\"async\" width=\"1200\" height=\"720\" src=\"https:\/\/velodyneacoustics.com\/wp-content\/uploads\/2021\/03\/galery-velodyne-acoustics-wi-connect-03-1200x720.jpg\" class=\"attachment-thumbnail size-thumbnail\" alt=\"\" \/><\/a>\n\t\t\t<\/dt><\/dl><br style=\"clear: both\" \/>\n\t\t<\/div>\n<\/div>[\/vc_column][\/vc_row][vc_row top_padding=\u00bb150&#8243; bottom_padding=\u00bb150&#8243; class=\u00bbhidden\u00bb row_id=\u00bbawards\u00bb][vc_column width=\u00bb1\/1&#8243;]<div class=\"minti_carousel testimonial-slider grab-false dots\" data-columns=\"3\" data-tabletcolumns=\"3\" data-nav=\"true\" data-pagination=\"false\" data-autoplay=\"false\" data-animationtime=\"4000\"><div class=\"testimonial-wrap wpb_content_element\"><div class=\"testimonial\">Lorem ipsum<br \/>\n<a href=\"#\" target=\"_blank\" rel=\"noopener\">Learn more<\/a><\/div><div class=\"testimonial-author\"><span><\/span><\/div><\/div><div class=\"testimonial-wrap wpb_content_element\"><div class=\"testimonial\">Lorem ipsum<br \/>\n<a href=\"#\" target=\"_blank\" rel=\"noopener\">Learn more<\/a><\/div><div class=\"testimonial-author\"><span><\/span><\/div><\/div><div class=\"testimonial-wrap wpb_content_element\"><div class=\"testimonial\">Lorem ipsum<br \/>\n<a href=\"#\" target=\"_blank\" rel=\"noopener\">Learn more<\/a><\/div><div class=\"testimonial-author\"><span><\/span><\/div><\/div><\/div>[\/vc_column][\/vc_row][vc_row][vc_column width=\u00bb1\/1&#8243;]<div class=\"spacer\" style=\"height: 50px;\"><\/div>[\/vc_column][\/vc_row][vc_row bg_color=\u00bb#222222&#8243; text_color=\u00bblight\u00bb top_padding=\u00bb50&#8243; bottom_padding=\u00bb50&#8243; class=\u00bbrow-cta\u00bb][vc_column width=\u00bb1\/1&#8243;][vc_column_text]<h2>\u00a1Encuentra una distribuidora!<\/h2>\r\n<a class=\"button cta\" href=\"\/es\/experiencia\/\">Comprobar ubicaci\u00f3n<\/a>[\/vc_column_text][\/vc_column][\/vc_row]<\/p>\n<\/div>","protected":false},"excerpt":{"rendered":"<p>[vc_row type=\u00bbfull_width_section\u00bb][vc_column width=\u00bb1\/1&#8243;][\/vc_column][\/vc_row][vc_row bg_color=\u00bb#222222&#8243; text_color=\u00bblight\u00bb top_padding=\u00bb10&#8243; bottom_padding=\u00bb10&#8243;][vc_column width=\u00bb1\/1&#8243;][vc_column_text][\/vc_column_text][\/vc_column][\/vc_row][vc_row text_align=\u00bbcenter\u00bb top_padding=\u00bb100&#8243; bottom_padding=\u00bb100&#8243;][vc_column width=\u00bb1\/1&#8243;][vc_column_text] Velodyne Acoustics Wi-Connect Transmitter Baja frecuencia perfecta, sin cables Con el transmisor Wi-Connect, el cable de conexi\u00f3n al subwoofer es cosa del pasado. As\u00ed, el peque\u00f1o accesorio hace posible una colocaci\u00f3n perfecta y flexible. [\/vc_column_text][\/vc_column][\/vc_row][vc_row bg_color=\u00bb#f1f1f1&#8243; text_align=\u00bbcenter\u00bb top_padding=\u00bb100&#8243;][vc_column column_center=\u00bbtrue\u00bb width=\u00bb1\/1&#8243;][vc_column_text] El sistema Wi-Connect permite alimentar de forma inal\u00e1mbrica un subwoofer activo o la mayor\u00eda de los altavoces activos con la se\u00f1al de audio. Para ello, el peque\u00f1o dispositivo cuenta con un transmisor y un receptor inal\u00e1mbricos de 2,4 GHz para frecuencias que van de 6 Hz a 16 kHz con una reducci\u00f3n de nivel de 3 dB. Con una excelente transmisi\u00f3n inal\u00e1mbrica, Wi-Connect garantiza todos los detalles y efectos de las pel\u00edculas y la m\u00fasica m\u00e1s queridas. Adem\u00e1s, el sistema de Velodyne Acoustics dispone de varios canales de radio para evitar interferencias con otros dispositivos de la casa.[\/vc_column_text][\/vc_column][\/vc_row][vc_row bg_color=\u00bb#f1f1f1&#8243; bottom_padding=\u00bb100&#8243;][vc_column column_center=\u00bbtrue\u00bb width=\u00bb1\/2&#8243;][vc_column_text] Las caracter\u00edsticas Gran alcance de transmisi\u00f3n de 16,5 metros Conexi\u00f3n inal\u00e1mbrica y sin complicaciones de subwoofers y altavoces activos Cuatro canales de radio para una conexi\u00f3n sin interferencias Sistema compacto para frecuencias de 6 Hz a 16 kHz con reducci\u00f3n de nivel de 3 dB [\/vc_column_text][\/vc_column][vc_column [&hellip;]<\/p>\n","protected":false},"author":1,"featured_media":0,"parent":30122,"menu_order":9,"comment_status":"closed","ping_status":"closed","template":"","meta":{"_acf_changed":false,"footnotes":""},"class_list":["post-30134","page","type-page","status-publish","hentry"],"acf":[],"yoast_head":"<!-- This site is optimized with the Yoast SEO plugin v27.3 - https:\/\/yoast.com\/product\/yoast-seo-wordpress\/ -->\n<title>Wi-Connect Transmitter - Velodyne Acoustics<\/title>\n<meta name=\"robots\" content=\"index, follow, max-snippet:-1, max-image-preview:large, max-video-preview:-1\" \/>\n<link rel=\"canonical\" href=\"https:\/\/velodyneacoustics.com\/es\/productos\/wi-connect-transmitter\/\" \/>\n<meta property=\"og:locale\" content=\"es_ES\" \/>\n<meta property=\"og:type\" content=\"article\" \/>\n<meta property=\"og:title\" content=\"Wi-Connect Transmitter - Velodyne Acoustics\" \/>\n<meta property=\"og:description\" content=\"[vc_row type=\u00bbfull_width_section\u00bb][vc_column width=\u00bb1\/1&#8243;][\/vc_column][\/vc_row][vc_row bg_color=\u00bb#222222&#8243; text_color=\u00bblight\u00bb top_padding=\u00bb10&#8243; bottom_padding=\u00bb10&#8243;][vc_column width=\u00bb1\/1&#8243;][vc_column_text][\/vc_column_text][\/vc_column][\/vc_row][vc_row text_align=\u00bbcenter\u00bb top_padding=\u00bb100&#8243; bottom_padding=\u00bb100&#8243;][vc_column width=\u00bb1\/1&#8243;][vc_column_text] Velodyne Acoustics Wi-Connect Transmitter Baja frecuencia perfecta, sin cables Con el transmisor Wi-Connect, el cable de conexi\u00f3n al subwoofer es cosa del pasado. As\u00ed, el peque\u00f1o accesorio hace posible una colocaci\u00f3n perfecta y flexible. [\/vc_column_text][\/vc_column][\/vc_row][vc_row bg_color=\u00bb#f1f1f1&#8243; text_align=\u00bbcenter\u00bb top_padding=\u00bb100&#8243;][vc_column column_center=\u00bbtrue\u00bb width=\u00bb1\/1&#8243;][vc_column_text] El sistema Wi-Connect permite alimentar de forma inal\u00e1mbrica un subwoofer activo o la mayor\u00eda de los altavoces activos con la se\u00f1al de audio. Para ello, el peque\u00f1o dispositivo cuenta con un transmisor y un receptor inal\u00e1mbricos de 2,4 GHz para frecuencias que van de 6 Hz a 16 kHz con una reducci\u00f3n de nivel de 3 dB. Con una excelente transmisi\u00f3n inal\u00e1mbrica, Wi-Connect garantiza todos los detalles y efectos de las pel\u00edculas y la m\u00fasica m\u00e1s queridas. Adem\u00e1s, el sistema de Velodyne Acoustics dispone de varios canales de radio para evitar interferencias con otros dispositivos de la casa.[\/vc_column_text][\/vc_column][\/vc_row][vc_row bg_color=\u00bb#f1f1f1&#8243; bottom_padding=\u00bb100&#8243;][vc_column column_center=\u00bbtrue\u00bb width=\u00bb1\/2&#8243;][vc_column_text] Las caracter\u00edsticas Gran alcance de transmisi\u00f3n de 16,5 metros Conexi\u00f3n inal\u00e1mbrica y sin complicaciones de subwoofers y altavoces activos Cuatro canales de radio para una conexi\u00f3n sin interferencias Sistema compacto para frecuencias de 6 Hz a 16 kHz con reducci\u00f3n de nivel de 3 dB [\/vc_column_text][\/vc_column][vc_column [&hellip;]\" \/>\n<meta property=\"og:url\" content=\"https:\/\/velodyneacoustics.com\/es\/productos\/wi-connect-transmitter\/\" \/>\n<meta property=\"og:site_name\" content=\"Velodyne Acoustics\" \/>\n<meta property=\"article:publisher\" content=\"https:\/\/www.facebook.com\/VelodyneAcoustics\/\" \/>\n<meta property=\"article:modified_time\" content=\"2025-03-05T15:27:41+00:00\" \/>\n<meta name=\"twitter:card\" content=\"summary_large_image\" \/>\n<meta name=\"twitter:label1\" content=\"Tiempo de lectura\" \/>\n\t<meta name=\"twitter:data1\" content=\"2 minutos\" \/>\n<script type=\"application\/ld+json\" class=\"yoast-schema-graph\">{\"@context\":\"https:\\\/\\\/schema.org\",\"@graph\":[{\"@type\":\"WebPage\",\"@id\":\"https:\\\/\\\/velodyneacoustics.com\\\/es\\\/productos\\\/wi-connect-transmitter\\\/\",\"url\":\"https:\\\/\\\/velodyneacoustics.com\\\/es\\\/productos\\\/wi-connect-transmitter\\\/\",\"name\":\"Wi-Connect Transmitter - Velodyne Acoustics\",\"isPartOf\":{\"@id\":\"https:\\\/\\\/velodyneacoustics.com\\\/es\\\/#website\"},\"datePublished\":\"2021-05-05T21:16:40+00:00\",\"dateModified\":\"2025-03-05T15:27:41+00:00\",\"breadcrumb\":{\"@id\":\"https:\\\/\\\/velodyneacoustics.com\\\/es\\\/productos\\\/wi-connect-transmitter\\\/#breadcrumb\"},\"inLanguage\":\"es\",\"potentialAction\":[{\"@type\":\"ReadAction\",\"target\":[\"https:\\\/\\\/velodyneacoustics.com\\\/es\\\/productos\\\/wi-connect-transmitter\\\/\"]}]},{\"@type\":\"BreadcrumbList\",\"@id\":\"https:\\\/\\\/velodyneacoustics.com\\\/es\\\/productos\\\/wi-connect-transmitter\\\/#breadcrumb\",\"itemListElement\":[{\"@type\":\"ListItem\",\"position\":1,\"name\":\"Startseite\",\"item\":\"https:\\\/\\\/velodyneacoustics.com\\\/es\\\/\"},{\"@type\":\"ListItem\",\"position\":2,\"name\":\"Productos\",\"item\":\"https:\\\/\\\/velodyneacoustics.com\\\/es\\\/productos\\\/\"},{\"@type\":\"ListItem\",\"position\":3,\"name\":\"Wi-Connect Transmitter\"}]},{\"@type\":\"WebSite\",\"@id\":\"https:\\\/\\\/velodyneacoustics.com\\\/es\\\/#website\",\"url\":\"https:\\\/\\\/velodyneacoustics.com\\\/es\\\/\",\"name\":\"Velodyne Acoustics\",\"description\":\"Defining Bass over 30 years\",\"publisher\":{\"@id\":\"https:\\\/\\\/velodyneacoustics.com\\\/es\\\/#organization\"},\"potentialAction\":[{\"@type\":\"SearchAction\",\"target\":{\"@type\":\"EntryPoint\",\"urlTemplate\":\"https:\\\/\\\/velodyneacoustics.com\\\/es\\\/?s={search_term_string}\"},\"query-input\":{\"@type\":\"PropertyValueSpecification\",\"valueRequired\":true,\"valueName\":\"search_term_string\"}}],\"inLanguage\":\"es\"},{\"@type\":\"Organization\",\"@id\":\"https:\\\/\\\/velodyneacoustics.com\\\/es\\\/#organization\",\"name\":\"Velodyne Acoustics\",\"url\":\"https:\\\/\\\/velodyneacoustics.com\\\/es\\\/\",\"logo\":{\"@type\":\"ImageObject\",\"inLanguage\":\"es\",\"@id\":\"https:\\\/\\\/velodyneacoustics.com\\\/es\\\/#\\\/schema\\\/logo\\\/image\\\/\",\"url\":\"https:\\\/\\\/velodyneacoustics.com\\\/wp-content\\\/uploads\\\/2025\\\/11\\\/logo-velodyne-seo.png\",\"contentUrl\":\"https:\\\/\\\/velodyneacoustics.com\\\/wp-content\\\/uploads\\\/2025\\\/11\\\/logo-velodyne-seo.png\",\"width\":250,\"height\":77,\"caption\":\"Velodyne Acoustics\"},\"image\":{\"@id\":\"https:\\\/\\\/velodyneacoustics.com\\\/es\\\/#\\\/schema\\\/logo\\\/image\\\/\"},\"sameAs\":[\"https:\\\/\\\/www.facebook.com\\\/VelodyneAcoustics\\\/\",\"https:\\\/\\\/www.instagram.com\\\/VelodyneAcoustics\\\/\",\"https:\\\/\\\/www.linkedin.com\\\/company\\\/velodyne-acoustics-inc-\\\/\"]}]}<\/script>\n<!-- \/ Yoast SEO plugin. -->","yoast_head_json":{"title":"Wi-Connect Transmitter - Velodyne Acoustics","robots":{"index":"index","follow":"follow","max-snippet":"max-snippet:-1","max-image-preview":"max-image-preview:large","max-video-preview":"max-video-preview:-1"},"canonical":"https:\/\/velodyneacoustics.com\/es\/productos\/wi-connect-transmitter\/","og_locale":"es_ES","og_type":"article","og_title":"Wi-Connect Transmitter - Velodyne Acoustics","og_description":"[vc_row type=\u00bbfull_width_section\u00bb][vc_column width=\u00bb1\/1&#8243;][\/vc_column][\/vc_row][vc_row bg_color=\u00bb#222222&#8243; text_color=\u00bblight\u00bb top_padding=\u00bb10&#8243; bottom_padding=\u00bb10&#8243;][vc_column width=\u00bb1\/1&#8243;][vc_column_text][\/vc_column_text][\/vc_column][\/vc_row][vc_row text_align=\u00bbcenter\u00bb top_padding=\u00bb100&#8243; bottom_padding=\u00bb100&#8243;][vc_column width=\u00bb1\/1&#8243;][vc_column_text] Velodyne Acoustics Wi-Connect Transmitter Baja frecuencia perfecta, sin cables Con el transmisor Wi-Connect, el cable de conexi\u00f3n al subwoofer es cosa del pasado. As\u00ed, el peque\u00f1o accesorio hace posible una colocaci\u00f3n perfecta y flexible. [\/vc_column_text][\/vc_column][\/vc_row][vc_row bg_color=\u00bb#f1f1f1&#8243; text_align=\u00bbcenter\u00bb top_padding=\u00bb100&#8243;][vc_column column_center=\u00bbtrue\u00bb width=\u00bb1\/1&#8243;][vc_column_text] El sistema Wi-Connect permite alimentar de forma inal\u00e1mbrica un subwoofer activo o la mayor\u00eda de los altavoces activos con la se\u00f1al de audio. Para ello, el peque\u00f1o dispositivo cuenta con un transmisor y un receptor inal\u00e1mbricos de 2,4 GHz para frecuencias que van de 6 Hz a 16 kHz con una reducci\u00f3n de nivel de 3 dB. Con una excelente transmisi\u00f3n inal\u00e1mbrica, Wi-Connect garantiza todos los detalles y efectos de las pel\u00edculas y la m\u00fasica m\u00e1s queridas. Adem\u00e1s, el sistema de Velodyne Acoustics dispone de varios canales de radio para evitar interferencias con otros dispositivos de la casa.[\/vc_column_text][\/vc_column][\/vc_row][vc_row bg_color=\u00bb#f1f1f1&#8243; bottom_padding=\u00bb100&#8243;][vc_column column_center=\u00bbtrue\u00bb width=\u00bb1\/2&#8243;][vc_column_text] Las caracter\u00edsticas Gran alcance de transmisi\u00f3n de 16,5 metros Conexi\u00f3n inal\u00e1mbrica y sin complicaciones de subwoofers y altavoces activos Cuatro canales de radio para una conexi\u00f3n sin interferencias Sistema compacto para frecuencias de 6 Hz a 16 kHz con reducci\u00f3n de nivel de 3 dB [\/vc_column_text][\/vc_column][vc_column [&hellip;]","og_url":"https:\/\/velodyneacoustics.com\/es\/productos\/wi-connect-transmitter\/","og_site_name":"Velodyne Acoustics","article_publisher":"https:\/\/www.facebook.com\/VelodyneAcoustics\/","article_modified_time":"2025-03-05T15:27:41+00:00","twitter_card":"summary_large_image","twitter_misc":{"Tiempo de lectura":"2 minutos"},"schema":{"@context":"https:\/\/schema.org","@graph":[{"@type":"WebPage","@id":"https:\/\/velodyneacoustics.com\/es\/productos\/wi-connect-transmitter\/","url":"https:\/\/velodyneacoustics.com\/es\/productos\/wi-connect-transmitter\/","name":"Wi-Connect Transmitter - Velodyne Acoustics","isPartOf":{"@id":"https:\/\/velodyneacoustics.com\/es\/#website"},"datePublished":"2021-05-05T21:16:40+00:00","dateModified":"2025-03-05T15:27:41+00:00","breadcrumb":{"@id":"https:\/\/velodyneacoustics.com\/es\/productos\/wi-connect-transmitter\/#breadcrumb"},"inLanguage":"es","potentialAction":[{"@type":"ReadAction","target":["https:\/\/velodyneacoustics.com\/es\/productos\/wi-connect-transmitter\/"]}]},{"@type":"BreadcrumbList","@id":"https:\/\/velodyneacoustics.com\/es\/productos\/wi-connect-transmitter\/#breadcrumb","itemListElement":[{"@type":"ListItem","position":1,"name":"Startseite","item":"https:\/\/velodyneacoustics.com\/es\/"},{"@type":"ListItem","position":2,"name":"Productos","item":"https:\/\/velodyneacoustics.com\/es\/productos\/"},{"@type":"ListItem","position":3,"name":"Wi-Connect Transmitter"}]},{"@type":"WebSite","@id":"https:\/\/velodyneacoustics.com\/es\/#website","url":"https:\/\/velodyneacoustics.com\/es\/","name":"Velodyne Acoustics","description":"Defining Bass over 30 years","publisher":{"@id":"https:\/\/velodyneacoustics.com\/es\/#organization"},"potentialAction":[{"@type":"SearchAction","target":{"@type":"EntryPoint","urlTemplate":"https:\/\/velodyneacoustics.com\/es\/?s={search_term_string}"},"query-input":{"@type":"PropertyValueSpecification","valueRequired":true,"valueName":"search_term_string"}}],"inLanguage":"es"},{"@type":"Organization","@id":"https:\/\/velodyneacoustics.com\/es\/#organization","name":"Velodyne Acoustics","url":"https:\/\/velodyneacoustics.com\/es\/","logo":{"@type":"ImageObject","inLanguage":"es","@id":"https:\/\/velodyneacoustics.com\/es\/#\/schema\/logo\/image\/","url":"https:\/\/velodyneacoustics.com\/wp-content\/uploads\/2025\/11\/logo-velodyne-seo.png","contentUrl":"https:\/\/velodyneacoustics.com\/wp-content\/uploads\/2025\/11\/logo-velodyne-seo.png","width":250,"height":77,"caption":"Velodyne Acoustics"},"image":{"@id":"https:\/\/velodyneacoustics.com\/es\/#\/schema\/logo\/image\/"},"sameAs":["https:\/\/www.facebook.com\/VelodyneAcoustics\/","https:\/\/www.instagram.com\/VelodyneAcoustics\/","https:\/\/www.linkedin.com\/company\/velodyne-acoustics-inc-\/"]}]}},"_links":{"self":[{"href":"https:\/\/velodyneacoustics.com\/es\/wp-json\/wp\/v2\/pages\/30134","targetHints":{"allow":["GET"]}}],"collection":[{"href":"https:\/\/velodyneacoustics.com\/es\/wp-json\/wp\/v2\/pages"}],"about":[{"href":"https:\/\/velodyneacoustics.com\/es\/wp-json\/wp\/v2\/types\/page"}],"author":[{"embeddable":true,"href":"https:\/\/velodyneacoustics.com\/es\/wp-json\/wp\/v2\/users\/1"}],"replies":[{"embeddable":true,"href":"https:\/\/velodyneacoustics.com\/es\/wp-json\/wp\/v2\/comments?post=30134"}],"version-history":[{"count":0,"href":"https:\/\/velodyneacoustics.com\/es\/wp-json\/wp\/v2\/pages\/30134\/revisions"}],"up":[{"embeddable":true,"href":"https:\/\/velodyneacoustics.com\/es\/wp-json\/wp\/v2\/pages\/30122"}],"wp:attachment":[{"href":"https:\/\/velodyneacoustics.com\/es\/wp-json\/wp\/v2\/media?parent=30134"}],"curies":[{"name":"wp","href":"https:\/\/api.w.org\/{rel}","templated":true}]}}