{"id":30136,"date":"2021-05-05T23:20:44","date_gmt":"2021-05-05T21:20:44","guid":{"rendered":"http:\/\/velodyne-acoustics-wpml.local\/?page_id=30136"},"modified":"2025-03-05T16:27:29","modified_gmt":"2025-03-05T15:27:29","slug":"tecnologias","status":"publish","type":"page","link":"https:\/\/velodyneacoustics.com\/es\/tecnologias\/","title":{"rendered":"Tecnolog\u00edas"},"content":{"rendered":"<div class=\"wpb-content-wrapper\"><p>[vc_row type=\u00bbfull_width_section\u00bb][vc_column width=\u00bb1\/1&#8243;]\n\t\t\t\t<p class=\"rs-p-wp-fix\"><\/p>\n\t\t\t\t<sr7-module data-alias=\"technologien\" data-id=\"35\" id=\"SR7_35_1\" class=\"rs-ov-hidden\" data-version=\"6.7.51\">\n\t\t\t\t\t<sr7-adjuster><\/sr7-adjuster>\n\t\t\t\t\t<sr7-content>\n\t\t\t\t\t\t<sr7-slide id=\"SR7_35_1-50\" data-key=\"50\">\n\t\t\t\t\t\t\t<sr7-bg id=\"SR7_35_1-50-7\" class=\"sr7-layer\"><noscript><img decoding=\"async\" src=\"https:\/\/velodyneacoustics.com\/wp-content\/uploads\/2021\/03\/slider-background-technologien.jpg\" alt=\"\" title=\"slider-background-technologien\"><\/noscript><\/sr7-bg>\n\t\t\t\t\t\t\t<sr7-txt id=\"SR7_35_1-50-2\" class=\"sr7-layer\">Technolog\u00edas<\/sr7-txt>\n\t\t\t\t\t\t\t<sr7-txt id=\"SR7_35_1-50-6\" class=\"sr7-layer\">Velodyne Acoustics<\/sr7-txt>\n\t\t\t\t\t\t<\/sr7-slide>\n\t\t\t\t\t\t<sr7-slide id=\"SR7_35_1-104\" data-key=\"104\">\n\t\t\t\t\t\t<\/sr7-slide>\n\t\t\t\t\t<\/sr7-content>\n\t\t\t\t\t<image_lists style=\"display:none\">\n\t\t\t\t\t\t<img data-src=\"\/\/velodyneacoustics.com\/wp-content\/uploads\/2021\/03\/slider-background-technologien.jpg\" data-libid=\"723\" data-lib=\"medialibrary\" title=\"slider-background-technologien\" width=\"0\" height=\"0\" data-dbsrc=\"Ly92ZWxvZHluZWFjb3VzdGljcy5jb20vd3AtY29udGVudC91cGxvYWRzLzIwMjEvMDMvc2xpZGVyLWJhY2tncm91bmQtdGVjaG5vbG9naWVuLmpwZw==\"\/>\n\t\t\t\t\t<\/image_lists>\n\t\t\t\t<\/sr7-module>\n\t\t\t\t<script>\n\t\t\t\t\twindow.SR7 ??={};SR7.PMH ??={}; SR7.PMH[\"SR7_35_1\"] = {cn:100,state:false,fn: function() { if (window._tpt!==undefined && window._tpt.prepareModuleHeight !== undefined) {  _tpt.prepareModuleHeight({id:\"SR7_35_1\",el:[750,750,700,600,650],type:'standard',shdw:'0',gh:[750,750,600,500,400],gw:[1240,1240,1024,778,480],vpt:['-200px&#039;,&#039;-200px&#039;,&#039;-200px&#039;,&#039;-200px&#039;,&#039;-200px'],size:{fullWidth:true, fullHeight:false},mh:'0',onh:0,onw:0,bg:{color:'{\"orig\":\"transparent\",\"type\":\"solid\",\"string\":\"transparent\"}'},googleFont:\"ignore\"});   SR7.PMH[\"SR7_35_1\"].state=true;} else if(SR7.PMH[\"SR7_35_1\"].cn-->0)\tsetTimeout( SR7.PMH[\"SR7_35_1\"].fn,19);}};SR7.PMH[\"SR7_35_1\" ].fn();\n\t\t\t\t<\/script>\n[\/vc_column][\/vc_row][vc_row bg_color=\u00bb#222222&#8243; text_color=\u00bblight\u00bb top_padding=\u00bb10&#8243; bottom_padding=\u00bb10&#8243;][vc_column width=\u00bb1\/1&#8243;][vc_column_text]<a href=\"\/es\/productos\/\" class=\"sliderbar\"><img loading=\"lazy\" decoding=\"async\" src=\"https:\/\/velodyneacoustics.com\/wp-content\/uploads\/2021\/03\/icon-subwoofer-white.png\" width=\"25\" height=\"25\"> Nuestros subwoofers<\/a><a class=\"sliderbar\" href=\"\/es\/experiencia\/\"><img loading=\"lazy\" decoding=\"async\" src=\"https:\/\/velodyneacoustics.com\/wp-content\/uploads\/2021\/03\/icon-dealerships-white.png\" width=\"30\" height=\"30\"> Encontrar distribuidores<\/a>[\/vc_column_text][\/vc_column][\/vc_row][vc_row top_padding=\u00bb100&#8243; bottom_padding=\u00bb100&#8243; row_id=\u00bbmaximum-dynamic-power\u00bb][vc_column column_center=\u00bbtrue\u00bb width=\u00bb1\/2&#8243;]<div class=\"iconbox  wpb_content_element iconbox-style-1 icon-color-accent color-dark animation-none\"><h3><img src='https:\/\/velodyneacoustics.com\/wp-content\/uploads\/2021\/03\/icon-maximum-dynamic-power-mdp.png' class='iconimg' alt='M\u00e1xima potencia din\u00e1mica (MDP)' \/><span>M\u00e1xima potencia din\u00e1mica (MDP)<\/span><\/h3><p>M\u00e1xima potencia para el mejor sonido de baja frecuencia: los amplificadores con tecnolog\u00eda MDP tienen m\u00e1s reservas de potencia que los modelos comparables con dise\u00f1o IC. Esto significa que incluso las se\u00f1ales m\u00e1s exigentes para las bajas frecuencias se pueden convertir con precisi\u00f3n y exactitud. Los amplificadores MDP de Velodyne Acoustics tambi\u00e9n est\u00e1n equipados con un circuito de protecci\u00f3n \u00fanico para garantizar el disfrute a largo plazo del sistema de bajos.<\/p>\n<\/p><\/div>[\/vc_column][vc_column width=\u00bb1\/2&#8243;]<div class=\"single_image wpb_content_element align-left    \" data-animation=\"none\" data-delay=\"0\"><img loading=\"lazy\" decoding=\"async\" width=\"1200\" height=\"1019\" src=\"https:\/\/velodyneacoustics.com\/wp-content\/uploads\/2021\/03\/galery-velodyne-acoustics-dd-series-08.jpg\" class=\"attachment-full\" alt=\"\" title=\"galery-velodyne-acoustics-dd-series-08\" srcset=\"https:\/\/velodyneacoustics.com\/wp-content\/uploads\/2021\/03\/galery-velodyne-acoustics-dd-series-08.jpg 1200w, https:\/\/velodyneacoustics.com\/wp-content\/uploads\/2021\/03\/galery-velodyne-acoustics-dd-series-08-300x255.jpg 300w, https:\/\/velodyneacoustics.com\/wp-content\/uploads\/2021\/03\/galery-velodyne-acoustics-dd-series-08-1024x870.jpg 1024w, https:\/\/velodyneacoustics.com\/wp-content\/uploads\/2021\/03\/galery-velodyne-acoustics-dd-series-08-768x652.jpg 768w\" sizes=\"auto, (max-width: 1200px) 100vw, 1200px\" \/><\/div>[\/vc_column][\/vc_row][vc_row bg_image=\u00bb608&#8243; bg_color=\u00bb#222222&#8243; text_color=\u00bblight\u00bb text_align=\u00bbcenter\u00bb top_padding=\u00bb100&#8243; bottom_padding=\u00bb370&#8243; class=\u00bbbackground-ddcs\u00bb row_id=\u00bbdigital-drive-control-system\u00bb][vc_column width=\u00bb1\/1&#8243;]<div class=\"iconbox  wpb_content_element iconbox-style-3 icon-color-accent color-dark\"><img src='https:\/\/velodyneacoustics.com\/wp-content\/uploads\/2021\/04\/icon-digital-drive-control-system-white.png' class='iconimg' alt='Sistema Digital Drive Control' \/><h3>Sistema Digital Drive Control<\/h3><p>Con el sistema Digital Drive Control de Velodyne Acoustics que limita la distorsi\u00f3n, los subwoofers desarrollan una respuesta de graves m\u00e1s ajustada y precisa. El DDCS es un sistema activo basado en DSP que garantiza un movimiento lineal del cono y ofrece una reproducci\u00f3n sin distorsi\u00f3n.<\/p>\n<\/p><\/div>[\/vc_column][\/vc_row][vc_row top_padding=\u00bb100&#8243; bottom_padding=\u00bb100&#8243; row_id=\u00bbdigital-high-gain-servo-control-eq-plus-equalizer-auto-ex-plus\u00bb][vc_column width=\u00bb1\/2&#8243;]<div class=\"iconbox  wpb_content_element iconbox-style-1 icon-color-accent color-dark animation-none\"><h3><img src='https:\/\/velodyneacoustics.com\/wp-content\/uploads\/2021\/03\/icon-digital-high-gain-servo-control.png' class='iconimg' alt='Servocontrol digital de alta ganancia' \/><span>Servocontrol digital de alta ganancia<\/span><\/h3><p>Con su tecnolog\u00eda Digital High Gain Servo Control, Velodyne Acoustics lleva la reproducci\u00f3n de graves de baja distorsi\u00f3n a un nuevo nivel. Esta tecnolog\u00eda patentada utiliza un aceler\u00f3metro especialmente desarrollado para controlar perfectamente el movimiento del diafragma. Estas mediciones se producen tan r\u00e1pidamente una tras otra que las distorsiones se evitan en el origen.<\/p><\/div>[\/vc_column][vc_column width=\u00bb1\/2&#8243;]<div class=\"iconbox  wpb_content_element iconbox-style-1 icon-color-accent color-dark animation-none\"><h3><img src='https:\/\/velodyneacoustics.com\/wp-content\/uploads\/2021\/03\/icon-eq-plus-equalizer-auto-ex-plus.png' class='iconimg' alt='Ecualizador EQ Plus y Auto-EX Plus' \/><span>Ecualizador EQ Plus y Auto-EX Plus<\/span><\/h3><p>La exclusiva tecnolog\u00eda Auto-EQ Plus permite adaptar de forma \u00f3ptima el subwoofer a las situaciones de vida individuales y a las diferentes habitaciones. Adem\u00e1s, hay varios preajustes que proporcionan los graves perfectamente ajustados para cada situaci\u00f3n. Gracias al micr\u00f3fono de medici\u00f3n \u00fanico incluido, la correcci\u00f3n de los graves en tiempo real es muy sencilla, siendo posible realizar procesos de medici\u00f3n manual y incluso un ajuste m\u00e1s fino en el PC.<\/p>\n<\/p><\/div>[\/vc_column][\/vc_row][vc_row bg_image=\u00bb780&#8243; bg_color=\u00bb#f7f7f7&#8243; text_color=\u00bblight\u00bb top_padding=\u00bb100&#8243; bottom_padding=\u00bb100&#8243; row_id=\u00bbsubwoofer-direct\u00bb][vc_column column_center=\u00bbtrue\u00bb width=\u00bb3\/6&#8243;]<div class=\"iconbox  wpb_content_element iconbox-style-1 icon-color-accent color-dark animation-none\"><h3><img src='https:\/\/velodyneacoustics.com\/wp-content\/uploads\/2021\/04\/icon-subwoofer-direct-white.png' class='iconimg' alt='Subwoofer Directo' \/><span>Subwoofer Directo<\/span><\/h3><p>La funci\u00f3n Subwoofer Direct, exclusiva de Velodyne Acoustics, puede omitir opcionalmente el crossover interno. Esto garantiza un rendimiento \u00f3ptimo en cualquier sistema de m\u00fasica o de cine en casa cuando se utiliza un crossover de receptor externo.<\/p><\/div>[\/vc_column][vc_column width=\u00bb3\/6&#8243;]<div class=\"single_image wpb_content_element align-left    \" data-animation=\"none\" data-delay=\"0\"><img loading=\"lazy\" decoding=\"async\" width=\"707\" height=\"600\" src=\"https:\/\/velodyneacoustics.com\/wp-content\/uploads\/2021\/03\/freisteller-deep-blue-schraeg.png\" class=\"attachment-full\" alt=\"\" title=\"freisteller-deep-blue-schraeg\" srcset=\"https:\/\/velodyneacoustics.com\/wp-content\/uploads\/2021\/03\/freisteller-deep-blue-schraeg.png 707w, https:\/\/velodyneacoustics.com\/wp-content\/uploads\/2021\/03\/freisteller-deep-blue-schraeg-300x255.png 300w\" sizes=\"auto, (max-width: 707px) 100vw, 707px\" \/><\/div>[\/vc_column][\/vc_row][vc_row bg_image=\u00bb780&#8243; bg_color=\u00bb#333333&#8243; text_color=\u00bblight\u00bb text_align=\u00bbcenter\u00bb top_padding=\u00bb100&#8243; bottom_padding=\u00bb100&#8243; class=\u00bbhidden\u00bb][vc_column width=\u00bb1\/1&#8243;][vc_column_text]<\/p>\n<div class=\"border\">\n<h3>Velodyne Produkte<\/h3>\n<p>Velodyne Subwoofer und Audio Produkte stehen f\u00fcr die Fusion von technischen H\u00f6chstleistungen mit einem zeitlos sch\u00f6nem Industriedesign. Erleben Sie Velodyne und genie\u00dfen Sie Tieftonwiedergabe auf h\u00f6chstem Niveau.<\/p>\n<p><a class=\"button\">Unsere Produkte<\/a><\/p>\n<\/div>\n<p>[\/vc_column_text][\/vc_column][\/vc_row][vc_row][vc_column column_center=\u00bbtrue\u00bb width=\u00bb1\/1&#8243;]<div class=\"spacer\" style=\"height: 50px;\"><\/div>[\/vc_column][\/vc_row][vc_row bg_color=\u00bb#222222&#8243; text_color=\u00bblight\u00bb top_padding=\u00bb50&#8243; bottom_padding=\u00bb50&#8243; class=\u00bbrow-cta\u00bb][vc_column width=\u00bb1\/1&#8243;][vc_column_text]<h2>\u00a1Descubra nuestros Subwoofers! <\/h2>\r\n<a class=\"button cta\" href=\"\/es\/productos\">Nuestros productos<\/a>[\/vc_column_text][\/vc_column][\/vc_row]<\/p>\n<\/div>","protected":false},"excerpt":{"rendered":"<p>[vc_row type=\u00bbfull_width_section\u00bb][vc_column width=\u00bb1\/1&#8243;][\/vc_column][\/vc_row][vc_row bg_color=\u00bb#222222&#8243; text_color=\u00bblight\u00bb top_padding=\u00bb10&#8243; bottom_padding=\u00bb10&#8243;][vc_column width=\u00bb1\/1&#8243;][vc_column_text][\/vc_column_text][\/vc_column][\/vc_row][vc_row top_padding=\u00bb100&#8243; bottom_padding=\u00bb100&#8243; row_id=\u00bbmaximum-dynamic-power\u00bb][vc_column column_center=\u00bbtrue\u00bb width=\u00bb1\/2&#8243;][\/vc_column][vc_column width=\u00bb1\/2&#8243;][\/vc_column][\/vc_row][vc_row bg_image=\u00bb608&#8243; bg_color=\u00bb#222222&#8243; text_color=\u00bblight\u00bb text_align=\u00bbcenter\u00bb top_padding=\u00bb100&#8243; bottom_padding=\u00bb370&#8243; class=\u00bbbackground-ddcs\u00bb row_id=\u00bbdigital-drive-control-system\u00bb][vc_column width=\u00bb1\/1&#8243;][\/vc_column][\/vc_row][vc_row top_padding=\u00bb100&#8243; bottom_padding=\u00bb100&#8243; row_id=\u00bbdigital-high-gain-servo-control-eq-plus-equalizer-auto-ex-plus\u00bb][vc_column width=\u00bb1\/2&#8243;][\/vc_column][vc_column width=\u00bb1\/2&#8243;][\/vc_column][\/vc_row][vc_row bg_image=\u00bb780&#8243; bg_color=\u00bb#f7f7f7&#8243; text_color=\u00bblight\u00bb top_padding=\u00bb100&#8243; bottom_padding=\u00bb100&#8243; row_id=\u00bbsubwoofer-direct\u00bb][vc_column column_center=\u00bbtrue\u00bb width=\u00bb3\/6&#8243;][\/vc_column][vc_column width=\u00bb3\/6&#8243;][\/vc_column][\/vc_row][vc_row bg_image=\u00bb780&#8243; bg_color=\u00bb#333333&#8243; text_color=\u00bblight\u00bb text_align=\u00bbcenter\u00bb top_padding=\u00bb100&#8243; bottom_padding=\u00bb100&#8243; class=\u00bbhidden\u00bb][vc_column width=\u00bb1\/1&#8243;][vc_column_text] Velodyne Produkte Velodyne Subwoofer und Audio Produkte stehen f\u00fcr die Fusion von technischen H\u00f6chstleistungen mit einem zeitlos sch\u00f6nem Industriedesign. Erleben Sie Velodyne und genie\u00dfen Sie Tieftonwiedergabe auf h\u00f6chstem Niveau. Unsere Produkte [\/vc_column_text][\/vc_column][\/vc_row][vc_row][vc_column column_center=\u00bbtrue\u00bb width=\u00bb1\/1&#8243;][\/vc_column][\/vc_row][vc_row bg_color=\u00bb#222222&#8243; text_color=\u00bblight\u00bb top_padding=\u00bb50&#8243; bottom_padding=\u00bb50&#8243; class=\u00bbrow-cta\u00bb][vc_column width=\u00bb1\/1&#8243;][vc_column_text][\/vc_column_text][\/vc_column][\/vc_row]<\/p>\n","protected":false},"author":1,"featured_media":0,"parent":0,"menu_order":14,"comment_status":"closed","ping_status":"closed","template":"","meta":{"_acf_changed":false,"footnotes":""},"class_list":["post-30136","page","type-page","status-publish","hentry"],"acf":[],"yoast_head":"<!-- This site is optimized with the Yoast SEO plugin v27.2 - https:\/\/yoast.com\/product\/yoast-seo-wordpress\/ -->\n<title>Tecnolog\u00edas - Velodyne Acoustics<\/title>\n<meta name=\"robots\" content=\"index, follow, max-snippet:-1, max-image-preview:large, max-video-preview:-1\" \/>\n<link rel=\"canonical\" href=\"https:\/\/velodyneacoustics.com\/es\/tecnologias\/\" \/>\n<meta property=\"og:locale\" content=\"es_ES\" \/>\n<meta property=\"og:type\" content=\"article\" \/>\n<meta property=\"og:title\" content=\"Tecnolog\u00edas - Velodyne Acoustics\" \/>\n<meta property=\"og:description\" content=\"[vc_row type=\u00bbfull_width_section\u00bb][vc_column width=\u00bb1\/1&#8243;][\/vc_column][\/vc_row][vc_row bg_color=\u00bb#222222&#8243; text_color=\u00bblight\u00bb top_padding=\u00bb10&#8243; bottom_padding=\u00bb10&#8243;][vc_column width=\u00bb1\/1&#8243;][vc_column_text][\/vc_column_text][\/vc_column][\/vc_row][vc_row top_padding=\u00bb100&#8243; bottom_padding=\u00bb100&#8243; row_id=\u00bbmaximum-dynamic-power\u00bb][vc_column column_center=\u00bbtrue\u00bb width=\u00bb1\/2&#8243;][\/vc_column][vc_column width=\u00bb1\/2&#8243;][\/vc_column][\/vc_row][vc_row bg_image=\u00bb608&#8243; bg_color=\u00bb#222222&#8243; text_color=\u00bblight\u00bb text_align=\u00bbcenter\u00bb top_padding=\u00bb100&#8243; bottom_padding=\u00bb370&#8243; class=\u00bbbackground-ddcs\u00bb row_id=\u00bbdigital-drive-control-system\u00bb][vc_column width=\u00bb1\/1&#8243;][\/vc_column][\/vc_row][vc_row top_padding=\u00bb100&#8243; bottom_padding=\u00bb100&#8243; row_id=\u00bbdigital-high-gain-servo-control-eq-plus-equalizer-auto-ex-plus\u00bb][vc_column width=\u00bb1\/2&#8243;][\/vc_column][vc_column width=\u00bb1\/2&#8243;][\/vc_column][\/vc_row][vc_row bg_image=\u00bb780&#8243; bg_color=\u00bb#f7f7f7&#8243; text_color=\u00bblight\u00bb top_padding=\u00bb100&#8243; bottom_padding=\u00bb100&#8243; row_id=\u00bbsubwoofer-direct\u00bb][vc_column column_center=\u00bbtrue\u00bb width=\u00bb3\/6&#8243;][\/vc_column][vc_column width=\u00bb3\/6&#8243;][\/vc_column][\/vc_row][vc_row bg_image=\u00bb780&#8243; bg_color=\u00bb#333333&#8243; text_color=\u00bblight\u00bb text_align=\u00bbcenter\u00bb top_padding=\u00bb100&#8243; bottom_padding=\u00bb100&#8243; class=\u00bbhidden\u00bb][vc_column width=\u00bb1\/1&#8243;][vc_column_text] Velodyne Produkte Velodyne Subwoofer und Audio Produkte stehen f\u00fcr die Fusion von technischen H\u00f6chstleistungen mit einem zeitlos sch\u00f6nem Industriedesign. Erleben Sie Velodyne und genie\u00dfen Sie Tieftonwiedergabe auf h\u00f6chstem Niveau. Unsere Produkte [\/vc_column_text][\/vc_column][\/vc_row][vc_row][vc_column column_center=\u00bbtrue\u00bb width=\u00bb1\/1&#8243;][\/vc_column][\/vc_row][vc_row bg_color=\u00bb#222222&#8243; text_color=\u00bblight\u00bb top_padding=\u00bb50&#8243; bottom_padding=\u00bb50&#8243; class=\u00bbrow-cta\u00bb][vc_column width=\u00bb1\/1&#8243;][vc_column_text][\/vc_column_text][\/vc_column][\/vc_row]\" \/>\n<meta property=\"og:url\" content=\"https:\/\/velodyneacoustics.com\/es\/tecnologias\/\" \/>\n<meta property=\"og:site_name\" content=\"Velodyne Acoustics\" \/>\n<meta property=\"article:publisher\" content=\"https:\/\/www.facebook.com\/VelodyneAcoustics\/\" \/>\n<meta property=\"article:modified_time\" content=\"2025-03-05T15:27:29+00:00\" \/>\n<meta name=\"twitter:card\" content=\"summary_large_image\" \/>\n<meta name=\"twitter:label1\" content=\"Tiempo de lectura\" \/>\n\t<meta name=\"twitter:data1\" content=\"4 minutos\" \/>\n<script type=\"application\/ld+json\" class=\"yoast-schema-graph\">{\"@context\":\"https:\/\/schema.org\",\"@graph\":[{\"@type\":\"WebPage\",\"@id\":\"https:\/\/velodyneacoustics.com\/es\/tecnologias\/\",\"url\":\"https:\/\/velodyneacoustics.com\/es\/tecnologias\/\",\"name\":\"Tecnolog\u00edas - Velodyne Acoustics\",\"isPartOf\":{\"@id\":\"https:\/\/velodyneacoustics.com\/es\/#website\"},\"datePublished\":\"2021-05-05T21:20:44+00:00\",\"dateModified\":\"2025-03-05T15:27:29+00:00\",\"breadcrumb\":{\"@id\":\"https:\/\/velodyneacoustics.com\/es\/tecnologias\/#breadcrumb\"},\"inLanguage\":\"es\",\"potentialAction\":[{\"@type\":\"ReadAction\",\"target\":[\"https:\/\/velodyneacoustics.com\/es\/tecnologias\/\"]}]},{\"@type\":\"BreadcrumbList\",\"@id\":\"https:\/\/velodyneacoustics.com\/es\/tecnologias\/#breadcrumb\",\"itemListElement\":[{\"@type\":\"ListItem\",\"position\":1,\"name\":\"Startseite\",\"item\":\"https:\/\/velodyneacoustics.com\/es\/\"},{\"@type\":\"ListItem\",\"position\":2,\"name\":\"Tecnolog\u00edas\"}]},{\"@type\":\"WebSite\",\"@id\":\"https:\/\/velodyneacoustics.com\/es\/#website\",\"url\":\"https:\/\/velodyneacoustics.com\/es\/\",\"name\":\"Velodyne Acoustics\",\"description\":\"Defining Bass over 30 years\",\"publisher\":{\"@id\":\"https:\/\/velodyneacoustics.com\/es\/#organization\"},\"potentialAction\":[{\"@type\":\"SearchAction\",\"target\":{\"@type\":\"EntryPoint\",\"urlTemplate\":\"https:\/\/velodyneacoustics.com\/es\/?s={search_term_string}\"},\"query-input\":{\"@type\":\"PropertyValueSpecification\",\"valueRequired\":true,\"valueName\":\"search_term_string\"}}],\"inLanguage\":\"es\"},{\"@type\":\"Organization\",\"@id\":\"https:\/\/velodyneacoustics.com\/es\/#organization\",\"name\":\"Velodyne Acoustics\",\"url\":\"https:\/\/velodyneacoustics.com\/es\/\",\"logo\":{\"@type\":\"ImageObject\",\"inLanguage\":\"es\",\"@id\":\"https:\/\/velodyneacoustics.com\/es\/#\/schema\/logo\/image\/\",\"url\":\"https:\/\/velodyneacoustics.com\/wp-content\/uploads\/2025\/11\/logo-velodyne-seo.png\",\"contentUrl\":\"https:\/\/velodyneacoustics.com\/wp-content\/uploads\/2025\/11\/logo-velodyne-seo.png\",\"width\":250,\"height\":77,\"caption\":\"Velodyne Acoustics\"},\"image\":{\"@id\":\"https:\/\/velodyneacoustics.com\/es\/#\/schema\/logo\/image\/\"},\"sameAs\":[\"https:\/\/www.facebook.com\/VelodyneAcoustics\/\",\"https:\/\/www.instagram.com\/VelodyneAcoustics\/\",\"https:\/\/www.linkedin.com\/company\/velodyne-acoustics-inc-\/\"]}]}<\/script>\n<!-- \/ Yoast SEO plugin. -->","yoast_head_json":{"title":"Tecnolog\u00edas - Velodyne Acoustics","robots":{"index":"index","follow":"follow","max-snippet":"max-snippet:-1","max-image-preview":"max-image-preview:large","max-video-preview":"max-video-preview:-1"},"canonical":"https:\/\/velodyneacoustics.com\/es\/tecnologias\/","og_locale":"es_ES","og_type":"article","og_title":"Tecnolog\u00edas - Velodyne Acoustics","og_description":"[vc_row type=\u00bbfull_width_section\u00bb][vc_column width=\u00bb1\/1&#8243;][\/vc_column][\/vc_row][vc_row bg_color=\u00bb#222222&#8243; text_color=\u00bblight\u00bb top_padding=\u00bb10&#8243; bottom_padding=\u00bb10&#8243;][vc_column width=\u00bb1\/1&#8243;][vc_column_text][\/vc_column_text][\/vc_column][\/vc_row][vc_row top_padding=\u00bb100&#8243; bottom_padding=\u00bb100&#8243; row_id=\u00bbmaximum-dynamic-power\u00bb][vc_column column_center=\u00bbtrue\u00bb width=\u00bb1\/2&#8243;][\/vc_column][vc_column width=\u00bb1\/2&#8243;][\/vc_column][\/vc_row][vc_row bg_image=\u00bb608&#8243; bg_color=\u00bb#222222&#8243; text_color=\u00bblight\u00bb text_align=\u00bbcenter\u00bb top_padding=\u00bb100&#8243; bottom_padding=\u00bb370&#8243; class=\u00bbbackground-ddcs\u00bb row_id=\u00bbdigital-drive-control-system\u00bb][vc_column width=\u00bb1\/1&#8243;][\/vc_column][\/vc_row][vc_row top_padding=\u00bb100&#8243; bottom_padding=\u00bb100&#8243; row_id=\u00bbdigital-high-gain-servo-control-eq-plus-equalizer-auto-ex-plus\u00bb][vc_column width=\u00bb1\/2&#8243;][\/vc_column][vc_column width=\u00bb1\/2&#8243;][\/vc_column][\/vc_row][vc_row bg_image=\u00bb780&#8243; bg_color=\u00bb#f7f7f7&#8243; text_color=\u00bblight\u00bb top_padding=\u00bb100&#8243; bottom_padding=\u00bb100&#8243; row_id=\u00bbsubwoofer-direct\u00bb][vc_column column_center=\u00bbtrue\u00bb width=\u00bb3\/6&#8243;][\/vc_column][vc_column width=\u00bb3\/6&#8243;][\/vc_column][\/vc_row][vc_row bg_image=\u00bb780&#8243; bg_color=\u00bb#333333&#8243; text_color=\u00bblight\u00bb text_align=\u00bbcenter\u00bb top_padding=\u00bb100&#8243; bottom_padding=\u00bb100&#8243; class=\u00bbhidden\u00bb][vc_column width=\u00bb1\/1&#8243;][vc_column_text] Velodyne Produkte Velodyne Subwoofer und Audio Produkte stehen f\u00fcr die Fusion von technischen H\u00f6chstleistungen mit einem zeitlos sch\u00f6nem Industriedesign. Erleben Sie Velodyne und genie\u00dfen Sie Tieftonwiedergabe auf h\u00f6chstem Niveau. Unsere Produkte [\/vc_column_text][\/vc_column][\/vc_row][vc_row][vc_column column_center=\u00bbtrue\u00bb width=\u00bb1\/1&#8243;][\/vc_column][\/vc_row][vc_row bg_color=\u00bb#222222&#8243; text_color=\u00bblight\u00bb top_padding=\u00bb50&#8243; bottom_padding=\u00bb50&#8243; class=\u00bbrow-cta\u00bb][vc_column width=\u00bb1\/1&#8243;][vc_column_text][\/vc_column_text][\/vc_column][\/vc_row]","og_url":"https:\/\/velodyneacoustics.com\/es\/tecnologias\/","og_site_name":"Velodyne Acoustics","article_publisher":"https:\/\/www.facebook.com\/VelodyneAcoustics\/","article_modified_time":"2025-03-05T15:27:29+00:00","twitter_card":"summary_large_image","twitter_misc":{"Tiempo de lectura":"4 minutos"},"schema":{"@context":"https:\/\/schema.org","@graph":[{"@type":"WebPage","@id":"https:\/\/velodyneacoustics.com\/es\/tecnologias\/","url":"https:\/\/velodyneacoustics.com\/es\/tecnologias\/","name":"Tecnolog\u00edas - Velodyne Acoustics","isPartOf":{"@id":"https:\/\/velodyneacoustics.com\/es\/#website"},"datePublished":"2021-05-05T21:20:44+00:00","dateModified":"2025-03-05T15:27:29+00:00","breadcrumb":{"@id":"https:\/\/velodyneacoustics.com\/es\/tecnologias\/#breadcrumb"},"inLanguage":"es","potentialAction":[{"@type":"ReadAction","target":["https:\/\/velodyneacoustics.com\/es\/tecnologias\/"]}]},{"@type":"BreadcrumbList","@id":"https:\/\/velodyneacoustics.com\/es\/tecnologias\/#breadcrumb","itemListElement":[{"@type":"ListItem","position":1,"name":"Startseite","item":"https:\/\/velodyneacoustics.com\/es\/"},{"@type":"ListItem","position":2,"name":"Tecnolog\u00edas"}]},{"@type":"WebSite","@id":"https:\/\/velodyneacoustics.com\/es\/#website","url":"https:\/\/velodyneacoustics.com\/es\/","name":"Velodyne Acoustics","description":"Defining Bass over 30 years","publisher":{"@id":"https:\/\/velodyneacoustics.com\/es\/#organization"},"potentialAction":[{"@type":"SearchAction","target":{"@type":"EntryPoint","urlTemplate":"https:\/\/velodyneacoustics.com\/es\/?s={search_term_string}"},"query-input":{"@type":"PropertyValueSpecification","valueRequired":true,"valueName":"search_term_string"}}],"inLanguage":"es"},{"@type":"Organization","@id":"https:\/\/velodyneacoustics.com\/es\/#organization","name":"Velodyne Acoustics","url":"https:\/\/velodyneacoustics.com\/es\/","logo":{"@type":"ImageObject","inLanguage":"es","@id":"https:\/\/velodyneacoustics.com\/es\/#\/schema\/logo\/image\/","url":"https:\/\/velodyneacoustics.com\/wp-content\/uploads\/2025\/11\/logo-velodyne-seo.png","contentUrl":"https:\/\/velodyneacoustics.com\/wp-content\/uploads\/2025\/11\/logo-velodyne-seo.png","width":250,"height":77,"caption":"Velodyne Acoustics"},"image":{"@id":"https:\/\/velodyneacoustics.com\/es\/#\/schema\/logo\/image\/"},"sameAs":["https:\/\/www.facebook.com\/VelodyneAcoustics\/","https:\/\/www.instagram.com\/VelodyneAcoustics\/","https:\/\/www.linkedin.com\/company\/velodyne-acoustics-inc-\/"]}]}},"_links":{"self":[{"href":"https:\/\/velodyneacoustics.com\/es\/wp-json\/wp\/v2\/pages\/30136","targetHints":{"allow":["GET"]}}],"collection":[{"href":"https:\/\/velodyneacoustics.com\/es\/wp-json\/wp\/v2\/pages"}],"about":[{"href":"https:\/\/velodyneacoustics.com\/es\/wp-json\/wp\/v2\/types\/page"}],"author":[{"embeddable":true,"href":"https:\/\/velodyneacoustics.com\/es\/wp-json\/wp\/v2\/users\/1"}],"replies":[{"embeddable":true,"href":"https:\/\/velodyneacoustics.com\/es\/wp-json\/wp\/v2\/comments?post=30136"}],"version-history":[{"count":0,"href":"https:\/\/velodyneacoustics.com\/es\/wp-json\/wp\/v2\/pages\/30136\/revisions"}],"wp:attachment":[{"href":"https:\/\/velodyneacoustics.com\/es\/wp-json\/wp\/v2\/media?parent=30136"}],"curies":[{"name":"wp","href":"https:\/\/api.w.org\/{rel}","templated":true}]}}