{"id":38355,"date":"2025-07-04T17:37:42","date_gmt":"2025-07-04T15:37:42","guid":{"rendered":"https:\/\/velodyneacoustics.com\/?page_id=38355"},"modified":"2025-07-04T18:43:04","modified_gmt":"2025-07-04T16:43:04","slug":"sc-1500-amplifier","status":"publish","type":"page","link":"https:\/\/velodyneacoustics.com\/es\/productos\/sc-1500-amplifier\/","title":{"rendered":"Amplificador SC 1500"},"content":{"rendered":"<div class=\"wpb-content-wrapper\"><p>[vc_row type=\u00bbfull_width_section\u00bb][vc_column width=\u00bb1\/1&#8243;]\n\t\t\t\t<p class=\"rs-p-wp-fix\"><\/p>\n\t\t\t\t<sr7-module data-alias=\"SC-1500-\" data-id=\"103\" id=\"SR7_103_1\" class=\"rs-ov-hidden\" data-version=\"6.7.52\">\n\t\t\t\t\t<sr7-adjuster><\/sr7-adjuster>\n\t\t\t\t\t<sr7-content>\n\t\t\t\t\t\t<sr7-slide id=\"SR7_103_1-185\" data-key=\"185\">\n\t\t\t\t\t\t\t<sr7-bg id=\"SR7_103_1-185-9\" class=\"sr7-layer\"><noscript><img decoding=\"async\" src=\"https:\/\/velodyneacoustics.com\/wp-content\/uploads\/2021\/04\/slider-background-subcontractor.jpg\" alt=\"\" title=\"slider-background-subcontractor\"><\/noscript><\/sr7-bg>\n\t\t\t\t\t\t\t<sr7-txt id=\"SR7_103_1-185-2\" class=\"sr7-layer\">Potente amplificador<br>para subwoofers de pared<\/sr7-txt>\n\t\t\t\t\t\t\t<sr7-txt id=\"SR7_103_1-185-3\" class=\"sr7-layer\">Velodyne Acoustics SC 1500<br \/>\n<\/sr7-txt>\n\t\t\t\t\t\t\t<sr7-txt id=\"SR7_103_1-185-8\" class=\"sr7-layer\">M\u00e1s informati\u00f3n<\/sr7-txt>\n\t\t\t\t\t\t<\/sr7-slide>\n\t\t\t\t\t\t<sr7-slide id=\"SR7_103_1-183\" data-key=\"183\">\n\t\t\t\t\t\t<\/sr7-slide>\n\t\t\t\t\t<\/sr7-content>\n\t\t\t\t\t<image_lists style=\"display:none\">\n\t\t\t\t\t\t<img data-src=\"\/\/velodyneacoustics.com\/wp-content\/uploads\/2025\/07\/velodyne-acoustics-sc-1500.png\" data-libid=\"38357\" data-lib=\"medialibrary\" title=\"velodyne-acoustics-sc-1500\" width=\"0\" height=\"0\" data-dbsrc=\"Ly92ZWxvZHluZWFjb3VzdGljcy5jb20vd3AtY29udGVudC91cGxvYWRzLzIwMjUvMDcvdmVsb2R5bmUtYWNvdXN0aWNzLXNjLTE1MDAucG5n\"\/>\n\t\t\t\t\t\t<img data-src=\"\/\/velodyneacoustics.com\/wp-content\/uploads\/2021\/04\/slider-background-subcontractor.jpg\" data-libid=\"1156\" data-lib=\"medialibrary\" title=\"slider-background-subcontractor\" width=\"0\" height=\"0\" data-dbsrc=\"Ly92ZWxvZHluZWFjb3VzdGljcy5jb20vd3AtY29udGVudC91cGxvYWRzLzIwMjEvMDQvc2xpZGVyLWJhY2tncm91bmQtc3ViY29udHJhY3Rvci5qcGc=\"\/>\n\t\t\t\t\t<\/image_lists>\n\t\t\t\t<\/sr7-module>\n\t\t\t\t<script>\n\t\t\t\t\twindow.SR7 ??={};SR7.PMH ??={}; SR7.PMH[\"SR7_103_1\"] = {cn:100,state:false,fn: function() { if (window._tpt!==undefined && window._tpt.prepareModuleHeight !== undefined) {  _tpt.prepareModuleHeight({id:\"SR7_103_1\",el:[750,750,600,500,400],type:'standard',shdw:'0',gh:[750,750,600,500,400],gw:[1240,1240,1024,778,480],vpt:['-200px&#039;,&#039;-200px&#039;,&#039;-200px&#039;,&#039;-200px&#039;,&#039;-200px'],size:{fullWidth:true, fullHeight:false},mh:'0',onh:0,onw:0,bg:{color:'{\"orig\":\"transparent\",\"type\":\"solid\",\"string\":\"transparent\"}'},googleFont:\"ignore\"});   SR7.PMH[\"SR7_103_1\"].state=true;} else if(SR7.PMH[\"SR7_103_1\"].cn-->0)\tsetTimeout( SR7.PMH[\"SR7_103_1\"].fn,19);}};SR7.PMH[\"SR7_103_1\" ].fn();\n\t\t\t\t<\/script>\n[\/vc_column][\/vc_row][vc_row bg_color=\u00bb#222222&#8243; text_color=\u00bblight\u00bb top_padding=\u00bb10&#8243; bottom_padding=\u00bb10&#8243;][vc_column width=\u00bb1\/1&#8243;][vc_column_text]<a href=\"\/es\/productos\/\" class=\"sliderbar\"><img loading=\"lazy\" decoding=\"async\" src=\"https:\/\/velodyneacoustics.com\/wp-content\/uploads\/2021\/03\/icon-subwoofer-white.png\" width=\"25\" height=\"25\"> Nuestros subwoofers<\/a><a class=\"sliderbar\" href=\"\/es\/experiencia\/\"><img loading=\"lazy\" decoding=\"async\" src=\"https:\/\/velodyneacoustics.com\/wp-content\/uploads\/2021\/03\/icon-dealerships-white.png\" width=\"30\" height=\"30\"> Encontrar distribuidores<\/a>[\/vc_column_text][\/vc_column][\/vc_row][vc_row text_align=\u00bbcenter\u00bb top_padding=\u00bb100&#8243; bottom_padding=\u00bb100&#8243;][vc_column width=\u00bb1\/1&#8243;][vc_column_text]<\/p>\n<h1>Velodyne Acoustics SC 1500<\/h1>\n<h2>Potente amplificador para subwoofers de pared<\/h2>\n<p>El Velodyne Acoustics SC 1500 es la soluci\u00f3n de amplificaci\u00f3n ideal para aplicaciones de instalaci\u00f3n personalizada. Con 1000 vatios RMS a 4 ohmios, un amplio control DSP con correcci\u00f3n ac\u00fastica Auto-EQ, ofrece la m\u00e1xima flexibilidad y control. Por lo tanto, es adecuado tanto para grandes salas como para configuraciones exigentes de cine en casa o HiFi.<br \/>\n<p class=\"infolinks\"><a style=\"margin-right: 40px !important;\" href=\"#specs\"><img loading=\"lazy\" decoding=\"async\" class=\"alignnone size-full wp-image-219\" src=\"https:\/\/velodyneacoustics.com\/wp-content\/uploads\/2021\/03\/icon-list-black.png\" alt=\"\" width=\"25\" height=\"25\" \/> Especificaciones<\/a><a style=\"margin-right: 40px !important;\" href=\"#gallery\"><img loading=\"lazy\" decoding=\"async\" class=\"alignnone size-full wp-image-210\" src=\"https:\/\/velodyneacoustics.com\/wp-content\/uploads\/2021\/03\/icon-images-black.png\" alt=\"\" width=\"30\" height=\"30\" \/> Imagenes<\/a><a href=\"\/es\/manuales-y-documentos\"><img loading=\"lazy\" decoding=\"async\" class=\"alignnone size-full wp-image-210\" src=\"https:\/\/velodyneacoustics.com\/wp-content\/uploads\/2021\/03\/icon-downloads-black.png\" alt=\"\" width=\"30\" height=\"30\" \/> Descargas<\/a><\/p>[\/vc_column_text][\/vc_column][\/vc_row][vc_row bg_color=\u00bb#f1f1f1&#8243; top_padding=\u00bb60&#8243; bottom_padding=\u00bb100&#8243;][vc_column width=\u00bb1\/1&#8243;][vc_column_text]<\/p>\n<h2 style=\"text-align: center;\">Adaptable al espacio, la configuraci\u00f3n y los h\u00e1bitos de escucha<\/h2>\n<p style=\"text-align: center;\">El coraz\u00f3n del SC 1500 es un potente DSP que permite una adaptaci\u00f3n individual del rango de graves a la ac\u00fastica de la sala y al sistema de altavoces. La respuesta de frecuencia del subwoofer se puede controlar con precisi\u00f3n a trav\u00e9s del filtro de paso bajo variable (30-200 Hz) y el filtro subs\u00f3nico (24-80 Hz). Junto con la correcci\u00f3n ac\u00fastica Auto-EQ y el control de la aplicaci\u00f3n, el SC 1500 de Velodyne Acoustics permite una adaptaci\u00f3n precisa a las condiciones ac\u00fasticas de la sala. Con su control de graves bien pensado, este amplificador es una soluci\u00f3n vers\u00e1til para cine en casa, salones y instalaciones comerciales que satisface todos los deseos.<\/p>\n<p>[\/vc_column_text][\/vc_column][\/vc_row][vc_row bg_color=\u00bb#FFFFFF\u00bb top_padding=\u00bb60&#8243; bottom_padding=\u00bb100&#8243;][vc_column column_center=\u00bbtrue\u00bb width=\u00bb1\/2&#8243;]<div class=\"single_image wpb_content_element align-left    \" data-animation=\"none\" data-delay=\"0\"><img loading=\"lazy\" decoding=\"async\" width=\"707\" height=\"600\" src=\"https:\/\/velodyneacoustics.com\/wp-content\/uploads\/2025\/07\/velodyne-acoustics-sc-1500.png\" class=\"attachment-thumbnail\" alt=\"\" title=\"velodyne-acoustics-sc-1500\" srcset=\"https:\/\/velodyneacoustics.com\/wp-content\/uploads\/2025\/07\/velodyne-acoustics-sc-1500.png 707w, https:\/\/velodyneacoustics.com\/wp-content\/uploads\/2025\/07\/velodyne-acoustics-sc-1500-300x255.png 300w\" sizes=\"auto, (max-width: 707px) 100vw, 707px\" \/><\/div>[\/vc_column][vc_column width=\u00bb1\/2&#8243;][vc_column_text]<\/p>\n<h4>Caracter\u00edsticas t\u00e9cnicas destacadas<\/h4>\n<ul class=\"features\">\n<li>1000 vatios RMS a 4 ohmios \/ 520 vatios RMS a 8 ohmios<\/li>\n<li>Correcci\u00f3n ac\u00fastica Auto-EQ integrada con micr\u00f3fono de medici\u00f3n<\/li>\n<li>DSP de alta resoluci\u00f3n con PEQ de 6 bandas y filtro subs\u00f3nico<\/li>\n<li>Ajustes variables de filtro de cruce y de paso alto (30-200 Hz)<\/li>\n<li>Entradas XLR, RCA y de nivel de altavoz para una instalaci\u00f3n flexible<\/li>\n<li>Control de la aplicaci\u00f3n a trav\u00e9s de Bluetooth con preajustes de sonido almacenables<\/li>\n<li>Salida de alimentaci\u00f3n USB (5V \/ 1A) para alimentar dispositivos externos (por ejemplo, Wi-Connect II)<\/li>\n<\/ul>\n<p>[\/vc_column_text][\/vc_column][\/vc_row][vc_row bg_color=\u00bb#222222&#8243; text_color=\u00bblight\u00bb top_padding=\u00bb50&#8243; bottom_padding=\u00bb50&#8243; class=\u00bbrow-cta\u00bb][vc_column width=\u00bb1\/1&#8243;][vc_column_text]<h2>\u00a1Encuentra una distribuidora!<\/h2>\r\n<a class=\"button cta\" href=\"\/es\/experiencia\/\">Comprobar ubicaci\u00f3n<\/a>[\/vc_column_text][\/vc_column][\/vc_row]<\/p>\n<\/div>","protected":false},"excerpt":{"rendered":"<p>[vc_row type=\u00bbfull_width_section\u00bb][vc_column width=\u00bb1\/1&#8243;][\/vc_column][\/vc_row][vc_row bg_color=\u00bb#222222&#8243; text_color=\u00bblight\u00bb top_padding=\u00bb10&#8243; bottom_padding=\u00bb10&#8243;][vc_column width=\u00bb1\/1&#8243;][vc_column_text][\/vc_column_text][\/vc_column][\/vc_row][vc_row text_align=\u00bbcenter\u00bb top_padding=\u00bb100&#8243; bottom_padding=\u00bb100&#8243;][vc_column width=\u00bb1\/1&#8243;][vc_column_text] Velodyne Acoustics SC 1500 Potente amplificador para subwoofers de pared El Velodyne Acoustics SC 1500 es la soluci\u00f3n de amplificaci\u00f3n ideal para aplicaciones de instalaci\u00f3n personalizada. Con 1000 vatios RMS a 4 ohmios, un amplio control DSP con correcci\u00f3n ac\u00fastica Auto-EQ, ofrece la m\u00e1xima flexibilidad y control. Por lo tanto, es adecuado tanto para grandes salas como para configuraciones exigentes de cine en casa o HiFi. [\/vc_column_text][\/vc_column][\/vc_row][vc_row bg_color=\u00bb#f1f1f1&#8243; top_padding=\u00bb60&#8243; bottom_padding=\u00bb100&#8243;][vc_column width=\u00bb1\/1&#8243;][vc_column_text] Adaptable al espacio, la configuraci\u00f3n y los h\u00e1bitos de escucha El coraz\u00f3n del SC 1500 es un potente DSP que permite una adaptaci\u00f3n individual del rango de graves a la ac\u00fastica de la sala y al sistema de altavoces. La respuesta de frecuencia del subwoofer se puede controlar con precisi\u00f3n a trav\u00e9s del filtro de paso bajo variable (30-200 Hz) y el filtro subs\u00f3nico (24-80 Hz). Junto con la correcci\u00f3n ac\u00fastica Auto-EQ y el control de la aplicaci\u00f3n, el SC 1500 de Velodyne Acoustics permite una adaptaci\u00f3n precisa a las condiciones ac\u00fasticas de la sala. Con su control de graves bien pensado, este amplificador es una soluci\u00f3n vers\u00e1til para cine en casa, salones y instalaciones comerciales que [&hellip;]<\/p>\n","protected":false},"author":1,"featured_media":0,"parent":30122,"menu_order":8,"comment_status":"closed","ping_status":"closed","template":"","meta":{"_acf_changed":false,"footnotes":""},"class_list":["post-38355","page","type-page","status-publish","hentry"],"acf":[],"yoast_head":"<!-- This site is optimized with the Yoast SEO plugin v27.3 - https:\/\/yoast.com\/product\/yoast-seo-wordpress\/ -->\n<title>Amplificador SC 1500 - Velodyne Acoustics<\/title>\n<meta name=\"robots\" content=\"index, follow, max-snippet:-1, max-image-preview:large, max-video-preview:-1\" \/>\n<link rel=\"canonical\" href=\"https:\/\/velodyneacoustics.com\/es\/productos\/sc-1500-amplifier\/\" \/>\n<meta property=\"og:locale\" content=\"es_ES\" \/>\n<meta property=\"og:type\" content=\"article\" \/>\n<meta property=\"og:title\" content=\"Amplificador SC 1500 - Velodyne Acoustics\" \/>\n<meta property=\"og:description\" content=\"[vc_row type=\u00bbfull_width_section\u00bb][vc_column width=\u00bb1\/1&#8243;][\/vc_column][\/vc_row][vc_row bg_color=\u00bb#222222&#8243; text_color=\u00bblight\u00bb top_padding=\u00bb10&#8243; bottom_padding=\u00bb10&#8243;][vc_column width=\u00bb1\/1&#8243;][vc_column_text][\/vc_column_text][\/vc_column][\/vc_row][vc_row text_align=\u00bbcenter\u00bb top_padding=\u00bb100&#8243; bottom_padding=\u00bb100&#8243;][vc_column width=\u00bb1\/1&#8243;][vc_column_text] Velodyne Acoustics SC 1500 Potente amplificador para subwoofers de pared El Velodyne Acoustics SC 1500 es la soluci\u00f3n de amplificaci\u00f3n ideal para aplicaciones de instalaci\u00f3n personalizada. Con 1000 vatios RMS a 4 ohmios, un amplio control DSP con correcci\u00f3n ac\u00fastica Auto-EQ, ofrece la m\u00e1xima flexibilidad y control. Por lo tanto, es adecuado tanto para grandes salas como para configuraciones exigentes de cine en casa o HiFi. [\/vc_column_text][\/vc_column][\/vc_row][vc_row bg_color=\u00bb#f1f1f1&#8243; top_padding=\u00bb60&#8243; bottom_padding=\u00bb100&#8243;][vc_column width=\u00bb1\/1&#8243;][vc_column_text] Adaptable al espacio, la configuraci\u00f3n y los h\u00e1bitos de escucha El coraz\u00f3n del SC 1500 es un potente DSP que permite una adaptaci\u00f3n individual del rango de graves a la ac\u00fastica de la sala y al sistema de altavoces. La respuesta de frecuencia del subwoofer se puede controlar con precisi\u00f3n a trav\u00e9s del filtro de paso bajo variable (30-200 Hz) y el filtro subs\u00f3nico (24-80 Hz). Junto con la correcci\u00f3n ac\u00fastica Auto-EQ y el control de la aplicaci\u00f3n, el SC 1500 de Velodyne Acoustics permite una adaptaci\u00f3n precisa a las condiciones ac\u00fasticas de la sala. Con su control de graves bien pensado, este amplificador es una soluci\u00f3n vers\u00e1til para cine en casa, salones y instalaciones comerciales que [&hellip;]\" \/>\n<meta property=\"og:url\" content=\"https:\/\/velodyneacoustics.com\/es\/productos\/sc-1500-amplifier\/\" \/>\n<meta property=\"og:site_name\" content=\"Velodyne Acoustics\" \/>\n<meta property=\"article:publisher\" content=\"https:\/\/www.facebook.com\/VelodyneAcoustics\/\" \/>\n<meta property=\"article:modified_time\" content=\"2025-07-04T16:43:04+00:00\" \/>\n<meta name=\"twitter:card\" content=\"summary_large_image\" \/>\n<meta name=\"twitter:label1\" content=\"Tiempo de lectura\" \/>\n\t<meta name=\"twitter:data1\" content=\"2 minutos\" \/>\n<script type=\"application\/ld+json\" class=\"yoast-schema-graph\">{\"@context\":\"https:\\\/\\\/schema.org\",\"@graph\":[{\"@type\":\"WebPage\",\"@id\":\"https:\\\/\\\/velodyneacoustics.com\\\/es\\\/productos\\\/sc-1500-amplifier\\\/\",\"url\":\"https:\\\/\\\/velodyneacoustics.com\\\/es\\\/productos\\\/sc-1500-amplifier\\\/\",\"name\":\"Amplificador SC 1500 - Velodyne Acoustics\",\"isPartOf\":{\"@id\":\"https:\\\/\\\/velodyneacoustics.com\\\/es\\\/#website\"},\"datePublished\":\"2025-07-04T15:37:42+00:00\",\"dateModified\":\"2025-07-04T16:43:04+00:00\",\"breadcrumb\":{\"@id\":\"https:\\\/\\\/velodyneacoustics.com\\\/es\\\/productos\\\/sc-1500-amplifier\\\/#breadcrumb\"},\"inLanguage\":\"es\",\"potentialAction\":[{\"@type\":\"ReadAction\",\"target\":[\"https:\\\/\\\/velodyneacoustics.com\\\/es\\\/productos\\\/sc-1500-amplifier\\\/\"]}]},{\"@type\":\"BreadcrumbList\",\"@id\":\"https:\\\/\\\/velodyneacoustics.com\\\/es\\\/productos\\\/sc-1500-amplifier\\\/#breadcrumb\",\"itemListElement\":[{\"@type\":\"ListItem\",\"position\":1,\"name\":\"Startseite\",\"item\":\"https:\\\/\\\/velodyneacoustics.com\\\/es\\\/\"},{\"@type\":\"ListItem\",\"position\":2,\"name\":\"Amplificador SC 1500\"}]},{\"@type\":\"WebSite\",\"@id\":\"https:\\\/\\\/velodyneacoustics.com\\\/es\\\/#website\",\"url\":\"https:\\\/\\\/velodyneacoustics.com\\\/es\\\/\",\"name\":\"Velodyne Acoustics\",\"description\":\"Defining Bass over 30 years\",\"publisher\":{\"@id\":\"https:\\\/\\\/velodyneacoustics.com\\\/es\\\/#organization\"},\"potentialAction\":[{\"@type\":\"SearchAction\",\"target\":{\"@type\":\"EntryPoint\",\"urlTemplate\":\"https:\\\/\\\/velodyneacoustics.com\\\/es\\\/?s={search_term_string}\"},\"query-input\":{\"@type\":\"PropertyValueSpecification\",\"valueRequired\":true,\"valueName\":\"search_term_string\"}}],\"inLanguage\":\"es\"},{\"@type\":\"Organization\",\"@id\":\"https:\\\/\\\/velodyneacoustics.com\\\/es\\\/#organization\",\"name\":\"Velodyne Acoustics\",\"url\":\"https:\\\/\\\/velodyneacoustics.com\\\/es\\\/\",\"logo\":{\"@type\":\"ImageObject\",\"inLanguage\":\"es\",\"@id\":\"https:\\\/\\\/velodyneacoustics.com\\\/es\\\/#\\\/schema\\\/logo\\\/image\\\/\",\"url\":\"https:\\\/\\\/velodyneacoustics.com\\\/wp-content\\\/uploads\\\/2025\\\/11\\\/logo-velodyne-seo.png\",\"contentUrl\":\"https:\\\/\\\/velodyneacoustics.com\\\/wp-content\\\/uploads\\\/2025\\\/11\\\/logo-velodyne-seo.png\",\"width\":250,\"height\":77,\"caption\":\"Velodyne Acoustics\"},\"image\":{\"@id\":\"https:\\\/\\\/velodyneacoustics.com\\\/es\\\/#\\\/schema\\\/logo\\\/image\\\/\"},\"sameAs\":[\"https:\\\/\\\/www.facebook.com\\\/VelodyneAcoustics\\\/\",\"https:\\\/\\\/www.instagram.com\\\/VelodyneAcoustics\\\/\",\"https:\\\/\\\/www.linkedin.com\\\/company\\\/velodyne-acoustics-inc-\\\/\"]}]}<\/script>\n<!-- \/ Yoast SEO plugin. -->","yoast_head_json":{"title":"Amplificador SC 1500 - Velodyne Acoustics","robots":{"index":"index","follow":"follow","max-snippet":"max-snippet:-1","max-image-preview":"max-image-preview:large","max-video-preview":"max-video-preview:-1"},"canonical":"https:\/\/velodyneacoustics.com\/es\/productos\/sc-1500-amplifier\/","og_locale":"es_ES","og_type":"article","og_title":"Amplificador SC 1500 - Velodyne Acoustics","og_description":"[vc_row type=\u00bbfull_width_section\u00bb][vc_column width=\u00bb1\/1&#8243;][\/vc_column][\/vc_row][vc_row bg_color=\u00bb#222222&#8243; text_color=\u00bblight\u00bb top_padding=\u00bb10&#8243; bottom_padding=\u00bb10&#8243;][vc_column width=\u00bb1\/1&#8243;][vc_column_text][\/vc_column_text][\/vc_column][\/vc_row][vc_row text_align=\u00bbcenter\u00bb top_padding=\u00bb100&#8243; bottom_padding=\u00bb100&#8243;][vc_column width=\u00bb1\/1&#8243;][vc_column_text] Velodyne Acoustics SC 1500 Potente amplificador para subwoofers de pared El Velodyne Acoustics SC 1500 es la soluci\u00f3n de amplificaci\u00f3n ideal para aplicaciones de instalaci\u00f3n personalizada. Con 1000 vatios RMS a 4 ohmios, un amplio control DSP con correcci\u00f3n ac\u00fastica Auto-EQ, ofrece la m\u00e1xima flexibilidad y control. Por lo tanto, es adecuado tanto para grandes salas como para configuraciones exigentes de cine en casa o HiFi. [\/vc_column_text][\/vc_column][\/vc_row][vc_row bg_color=\u00bb#f1f1f1&#8243; top_padding=\u00bb60&#8243; bottom_padding=\u00bb100&#8243;][vc_column width=\u00bb1\/1&#8243;][vc_column_text] Adaptable al espacio, la configuraci\u00f3n y los h\u00e1bitos de escucha El coraz\u00f3n del SC 1500 es un potente DSP que permite una adaptaci\u00f3n individual del rango de graves a la ac\u00fastica de la sala y al sistema de altavoces. La respuesta de frecuencia del subwoofer se puede controlar con precisi\u00f3n a trav\u00e9s del filtro de paso bajo variable (30-200 Hz) y el filtro subs\u00f3nico (24-80 Hz). Junto con la correcci\u00f3n ac\u00fastica Auto-EQ y el control de la aplicaci\u00f3n, el SC 1500 de Velodyne Acoustics permite una adaptaci\u00f3n precisa a las condiciones ac\u00fasticas de la sala. Con su control de graves bien pensado, este amplificador es una soluci\u00f3n vers\u00e1til para cine en casa, salones y instalaciones comerciales que [&hellip;]","og_url":"https:\/\/velodyneacoustics.com\/es\/productos\/sc-1500-amplifier\/","og_site_name":"Velodyne Acoustics","article_publisher":"https:\/\/www.facebook.com\/VelodyneAcoustics\/","article_modified_time":"2025-07-04T16:43:04+00:00","twitter_card":"summary_large_image","twitter_misc":{"Tiempo de lectura":"2 minutos"},"schema":{"@context":"https:\/\/schema.org","@graph":[{"@type":"WebPage","@id":"https:\/\/velodyneacoustics.com\/es\/productos\/sc-1500-amplifier\/","url":"https:\/\/velodyneacoustics.com\/es\/productos\/sc-1500-amplifier\/","name":"Amplificador SC 1500 - Velodyne Acoustics","isPartOf":{"@id":"https:\/\/velodyneacoustics.com\/es\/#website"},"datePublished":"2025-07-04T15:37:42+00:00","dateModified":"2025-07-04T16:43:04+00:00","breadcrumb":{"@id":"https:\/\/velodyneacoustics.com\/es\/productos\/sc-1500-amplifier\/#breadcrumb"},"inLanguage":"es","potentialAction":[{"@type":"ReadAction","target":["https:\/\/velodyneacoustics.com\/es\/productos\/sc-1500-amplifier\/"]}]},{"@type":"BreadcrumbList","@id":"https:\/\/velodyneacoustics.com\/es\/productos\/sc-1500-amplifier\/#breadcrumb","itemListElement":[{"@type":"ListItem","position":1,"name":"Startseite","item":"https:\/\/velodyneacoustics.com\/es\/"},{"@type":"ListItem","position":2,"name":"Amplificador SC 1500"}]},{"@type":"WebSite","@id":"https:\/\/velodyneacoustics.com\/es\/#website","url":"https:\/\/velodyneacoustics.com\/es\/","name":"Velodyne Acoustics","description":"Defining Bass over 30 years","publisher":{"@id":"https:\/\/velodyneacoustics.com\/es\/#organization"},"potentialAction":[{"@type":"SearchAction","target":{"@type":"EntryPoint","urlTemplate":"https:\/\/velodyneacoustics.com\/es\/?s={search_term_string}"},"query-input":{"@type":"PropertyValueSpecification","valueRequired":true,"valueName":"search_term_string"}}],"inLanguage":"es"},{"@type":"Organization","@id":"https:\/\/velodyneacoustics.com\/es\/#organization","name":"Velodyne Acoustics","url":"https:\/\/velodyneacoustics.com\/es\/","logo":{"@type":"ImageObject","inLanguage":"es","@id":"https:\/\/velodyneacoustics.com\/es\/#\/schema\/logo\/image\/","url":"https:\/\/velodyneacoustics.com\/wp-content\/uploads\/2025\/11\/logo-velodyne-seo.png","contentUrl":"https:\/\/velodyneacoustics.com\/wp-content\/uploads\/2025\/11\/logo-velodyne-seo.png","width":250,"height":77,"caption":"Velodyne Acoustics"},"image":{"@id":"https:\/\/velodyneacoustics.com\/es\/#\/schema\/logo\/image\/"},"sameAs":["https:\/\/www.facebook.com\/VelodyneAcoustics\/","https:\/\/www.instagram.com\/VelodyneAcoustics\/","https:\/\/www.linkedin.com\/company\/velodyne-acoustics-inc-\/"]}]}},"_links":{"self":[{"href":"https:\/\/velodyneacoustics.com\/es\/wp-json\/wp\/v2\/pages\/38355","targetHints":{"allow":["GET"]}}],"collection":[{"href":"https:\/\/velodyneacoustics.com\/es\/wp-json\/wp\/v2\/pages"}],"about":[{"href":"https:\/\/velodyneacoustics.com\/es\/wp-json\/wp\/v2\/types\/page"}],"author":[{"embeddable":true,"href":"https:\/\/velodyneacoustics.com\/es\/wp-json\/wp\/v2\/users\/1"}],"replies":[{"embeddable":true,"href":"https:\/\/velodyneacoustics.com\/es\/wp-json\/wp\/v2\/comments?post=38355"}],"version-history":[{"count":9,"href":"https:\/\/velodyneacoustics.com\/es\/wp-json\/wp\/v2\/pages\/38355\/revisions"}],"predecessor-version":[{"id":38389,"href":"https:\/\/velodyneacoustics.com\/es\/wp-json\/wp\/v2\/pages\/38355\/revisions\/38389"}],"up":[{"embeddable":true,"href":"https:\/\/velodyneacoustics.com\/es\/wp-json\/wp\/v2\/pages\/30122"}],"wp:attachment":[{"href":"https:\/\/velodyneacoustics.com\/es\/wp-json\/wp\/v2\/media?parent=38355"}],"curies":[{"name":"wp","href":"https:\/\/api.w.org\/{rel}","templated":true}]}}